{"id":4427,"date":"2025-05-19T10:06:51","date_gmt":"2025-05-19T08:06:51","guid":{"rendered":"https:\/\/www.trabulo.com\/Trabulowp\/?page_id=4427"},"modified":"2025-08-25T09:43:18","modified_gmt":"2025-08-25T07:43:18","slug":"broderie-villeneuve-loubet","status":"publish","type":"page","link":"https:\/\/www.trabulo.com\/index.php\/broderie-villeneuve-loubet\/","title":{"rendered":"Broderie"},"content":{"rendered":"<div class=\"wpb-content-wrapper\"><p>[vc_row content_placement=\u00a0\u00bbmiddle\u00a0\u00bb css=\u00a0\u00bb.vc_custom_1542639509824{padding-top: 75px !important;padding-bottom: 75px !important;}\u00a0\u00bb el_id=\u00a0\u00bbservices\u00a0\u00bb][vc_column offset=\u00a0\u00bbvc_col-md-6&Prime;]<div id=\"ld_images_group_container_69e37673997dc\" class=\"liquid-img-group-container ld_images_group_container_69e37673997dc\"  >\n\t<div class=\"liquid-img-group-inner\">\n\t\t<div id=\"ld_images_group_element_69e3767399a54\" class=\"liquid-img-group-single ld_images_group_element_69e3767399a54\" data-reveal=\"true\" data-reveal-options='{\"direction\":\"rl\",\"bgcolor\":\"rgb(23, 37, 49)\",\"delay\":\"\"}'>\n\t\n\t\t\n\t<div class=\"liquid-img-group-img-container\">\n\t\t\n\t\t\n\t\t\t\t\n\t\t\t\t<div class=\"liquid-img-container-inner\" >\n\t\t\t<figure ><img loading=\"lazy\" decoding=\"async\" width=\"1000\" height=\"566\" src=\"data:image\/svg+xml;charset=utf-8,&lt;svg xmlns%3D&#039;http%3A%2F%2Fwww.w3.org%2F2000%2Fsvg&#039; viewBox%3D&#039;0 0 1000 566&#039;%2F&gt;\" class=\"attachment-full size-full ld-lazyload\" alt=\"\" srcset=\"\" sizes=\"auto, (max-width: 1000px) 100vw, 1000px\" data-src=\"https:\/\/www.trabulo.com\/wp-content\/uploads\/2025\/05\/1200x680_broderie_textile.jpg\" data-srcset=\"https:\/\/www.trabulo.com\/wp-content\/uploads\/2025\/05\/1200x680_broderie_textile.jpg 1000w, https:\/\/www.trabulo.com\/wp-content\/uploads\/2025\/05\/1200x680_broderie_textile-300x170.jpg 300w\" data-aspect=\"1.7667844522968\" \/><\/figure>\t\t\t\t\t<\/div><!-- \/.liquid-img-container-inner -->\n\t\t\n\t<\/div><!-- \/.liquid-img-group-content -->\n<\/div><!-- \/.liquid-img-group-single -->\n\t\n\t<\/div><!-- \/.liquid-img-group-inner -->\n<\/div><!-- \/.liquid-img-group-container -->[\/vc_column][vc_column parallax=\u00a0\u00bbyes\u00a0\u00bb scale_from_x=\u00a0\u00bb1&Prime; scale_from_y=\u00a0\u00bb1&Prime; scale_from_z=\u00a0\u00bb1&Prime; from_opacity=\u00a0\u00bb1&Prime; scale_to_x=\u00a0\u00bb1&Prime; scale_to_y=\u00a0\u00bb1&Prime; scale_to_z=\u00a0\u00bb1&Prime; to_opacity=\u00a0\u00bb1&Prime; enable_content_animation=\u00a0\u00bbyes\u00a0\u00bb ca_init_scale_x=\u00a0\u00bb1&Prime; ca_init_scale_y=\u00a0\u00bb1&Prime; ca_init_scale_z=\u00a0\u00bb1&Prime; ca_init_opacity=\u00a0\u00bb0&Prime; ca_an_scale_x=\u00a0\u00bb1&Prime; ca_an_scale_y=\u00a0\u00bb1&Prime; ca_an_scale_z=\u00a0\u00bb1&Prime; ca_an_opacity=\u00a0\u00bb1&Prime; offset=\u00a0\u00bbvc_col-md-offset-1 vc_col-md-5&Prime; ca_init_translate_y=\u00a0\u00bb39&Prime; translate_from_y=\u00a0\u00bb-58&Prime; translate_to_y=\u00a0\u00bb59&Prime;]<style>.ld_fancy_heading_69e376739be24 h2 {margin-bottom:0px !important;  } .ld_fancy_heading_69e376739be24 .lqd-highlight-inner{height:0.275em;bottom:0px;}.ld_fancy_heading_69e376739be24 h2 {margin-bottom:0px !important;  } <\/style><div class=\"ld-fancy-heading text-uppercase ld_fancy_heading_69e376739be24\">\n\t<h2 class=\"lqd-highlight-underline lqd-highlight-grow-left\" data-fittext=\"true\" data-fittext-options='{\"compressor\":0.5,\"maxFontSize\":\"currentFontSize\",\"minFontSize\":\"\"}'><span class=\"ld-fh-txt\"> Broderie<\/span><\/h2><\/div><style>.ld_spacer_69e376739c03e{height:15px;}<\/style>\n<div class=\"ld-empty-space ld_spacer_69e376739c03e\"><span class=\"liquid_empty_space_inner\"><\/span><\/div><style>.ld_fancy_heading_69e376739c1b0 h6{font-size:12px;letter-spacing:0.2em;color:rgb(63, 65, 71);}.ld_fancy_heading_69e376739c1b0 h6 {margin-top:0px !important;  } .ld_fancy_heading_69e376739c1b0 .lqd-highlight-inner{height:0.275em;bottom:0px;}.ld_fancy_heading_69e376739c1b0 h6 {margin-top:0px !important;  } <\/style><div class=\"ld-fancy-heading text-uppercase ld_fancy_heading_69e376739c1b0\">\n\t<h6 class=\"lqd-highlight-underline lqd-highlight-grow-left\" ><span class=\"ld-fh-txt\"> Nous proposons la personnalisation de textiles par flocage et impression DTF, deux techniques id\u00e9ales pour des marquages nets, durables et color\u00e9s.<\/span><\/h6><\/div><style>.ld_spacer_69e376739c250{height:28px;}<\/style>\n<div class=\"ld-empty-space ld_spacer_69e376739c250\"><span class=\"liquid_empty_space_inner\"><\/span><\/div><style>.ld_fancy_heading_69e376739c2e6 .lqd-highlight-inner{height:0.275em;bottom:0px;}<\/style><div class=\"ld-fancy-heading ld_fancy_heading_69e376739c2e6\">\n\t<p class=\"lqd-highlight-underline lqd-highlight-grow-left\" ><span class=\"ld-fh-txt\"> Que ce soit pour une entreprise, un \u00e9v\u00e9nement, un club ou un projet personnel, nous vous proposons un service de personnalisation textile sur-mesure. T-shirts, sweats, casquettes\u2026 Choisissez vos visuels, nous les imprimons avec des techniques professionnelles. Donnez vie \u00e0 vos id\u00e9es, contactez-nous d\u00e8s maintenant !<\/span><\/p><\/div><style>.ld_spacer_69e376739c36c{height:43px;}<\/style>\n<div class=\"ld-empty-space ld_spacer_69e376739c36c\"><span class=\"liquid_empty_space_inner\"><\/span><\/div><style>.vc_accordion_69e376739c491 .accordion-title{font-size:15px;font-weight:500;letter-spacing:0.2em;}<\/style><div class=\"accordion accordion-xs accordion-title-underlined vc_accordion_69e376739c491\" id=\"vc_accordion_69e376739c491\" role=\"tablist\" aria-multiselectable=\"true\">\n\n\t<div class=\"accordion-item panel  \">\n\n\t\t<div class=\"accordion-heading\" role=\"tab\" id=\"heading_1528963630592-47c7b540-a15b\">\n\t\t\t<h4 class=\"accordion-title\">\n\t\t\t\t<a class=\"collapsed\" data-toggle=\"collapse\" data-parent=\"#vc_accordion_69e376739c491\" href=\"#1528963630592-47c7b540-a15b\" aria-expanded=\"false\" aria-controls=\"1528963630592-47c7b540-a15b\">\n\t\t\t\t\t\n\t\t\t\t\t\n\t\t\t\t\tBroderie directe\n\t\t\t\t\t\n\t\t\t\t<\/a>\n\t\t\t\t\n\t\t\t<\/h4>\n\t\t<\/div>\n\n\t\t<div id=\"1528963630592-47c7b540-a15b\" class=\"accordion-collapse collapse\" role=\"tabpanel\" aria-labelledby=\"heading_1528963630592-47c7b540-a15b\">\n\t\t\t<div class=\"accordion-content\">\n\t\t\t<p>[vc_row_inner css=\u00a0\u00bb.vc_custom_1747641897653{padding-top: -20px !important;}\u00a0\u00bb][vc_column_inner width=\u00a0\u00bb11\/12&Prime; offset=\u00a0\u00bbvc_col-md-12&Prime;][vc_column_text css=\u00a0\u00bb\u00a0\u00bb]<\/p>\n<p data-start=\"60\" data-end=\"244\">C\u2019est la technique la plus courante : le motif est directement brod\u00e9 sur le textile (t-shirt, polo, casquette, etc.). Elle offre un rendu \u00e9l\u00e9gant, r\u00e9sistant et professionnel, id\u00e9al pour les logos d\u2019entreprise ou les v\u00eatements haut de gamme.<\/p>\n<p>[\/vc_column_text][\/vc_column_inner][\/vc_row_inner]<\/p>\n\t\t\t<\/div>\n\t\t<\/div>\n\t<\/div>\n\t<div class=\"accordion-item panel  \">\n\n\t\t<div class=\"accordion-heading\" role=\"tab\" id=\"heading_ld-1528965005956-9b9fe76c-8364\">\n\t\t\t<h4 class=\"accordion-title\">\n\t\t\t\t<a class=\"collapsed\" data-toggle=\"collapse\" data-parent=\"#vc_accordion_69e376739c491\" href=\"#ld-1528965005956-9b9fe76c-8364\" aria-expanded=\"false\" aria-controls=\"ld-1528965005956-9b9fe76c-8364\">\n\t\t\t\t\t\n\t\t\t\t\t\n\t\t\t\t\tBroderie appliqu\u00e9\n\t\t\t\t\t\n\t\t\t\t<\/a>\n\t\t\t\t\n\t\t\t<\/h4>\n\t\t<\/div>\n\n\t\t<div id=\"ld-1528965005956-9b9fe76c-8364\" class=\"accordion-collapse collapse\" role=\"tabpanel\" aria-labelledby=\"heading_ld-1528965005956-9b9fe76c-8364\">\n\t\t\t<div class=\"accordion-content\">\n\t\t\t<p>[vc_row_inner css=\u00a0\u00bb.vc_custom_1528964908409{padding-top: 15px !important;}\u00a0\u00bb][vc_column_inner offset=\u00a0\u00bbvc_col-md-12&Prime;][vc_column_text css=\u00a0\u00bb\u00a0\u00bb]Le motif est brod\u00e9 sur un tissu \u00e0 part (patch), puis cousu ou thermocoll\u00e9 sur le v\u00eatement. Cette m\u00e9thode permet une production en s\u00e9rie et une pose plus flexible, notamment sur des surfaces difficiles \u00e0 broder directement.[\/vc_column_text][\/vc_column_inner][\/vc_row_inner]<\/p>\n\t\t\t<\/div>\n\t\t<\/div>\n\t<\/div>\n<\/div>[\/vc_column][\/vc_row]<\/p>\n<\/div>","protected":false},"excerpt":{"rendered":"<p>[vc_row content_placement=\u00a0\u00bbmiddle\u00a0\u00bb css=\u00a0\u00bb.vc_custom_1542639509824{padding-top: 75px !important;padding-bottom: 75px !important;}\u00a0\u00bb el_id=\u00a0\u00bbservices\u00a0\u00bb][vc_column offset=\u00a0\u00bbvc_col-md-6&Prime;][\/vc_column][vc_column parallax=\u00a0\u00bbyes\u00a0\u00bb scale_from_x=\u00a0\u00bb1&Prime; scale_from_y=\u00a0\u00bb1&Prime; scale_from_z=\u00a0\u00bb1&Prime; from_opacity=\u00a0\u00bb1&Prime; scale_to_x=\u00a0\u00bb1&Prime;&#8230;<\/p>\n","protected":false},"author":1,"featured_media":4833,"parent":0,"menu_order":0,"comment_status":"closed","ping_status":"closed","template":"","meta":{"footnotes":""},"class_list":["post-4427","page","type-page","status-publish","has-post-thumbnail","hentry"],"_links":{"self":[{"href":"https:\/\/www.trabulo.com\/index.php\/wp-json\/wp\/v2\/pages\/4427","targetHints":{"allow":["GET"]}}],"collection":[{"href":"https:\/\/www.trabulo.com\/index.php\/wp-json\/wp\/v2\/pages"}],"about":[{"href":"https:\/\/www.trabulo.com\/index.php\/wp-json\/wp\/v2\/types\/page"}],"author":[{"embeddable":true,"href":"https:\/\/www.trabulo.com\/index.php\/wp-json\/wp\/v2\/users\/1"}],"replies":[{"embeddable":true,"href":"https:\/\/www.trabulo.com\/index.php\/wp-json\/wp\/v2\/comments?post=4427"}],"version-history":[{"count":5,"href":"https:\/\/www.trabulo.com\/index.php\/wp-json\/wp\/v2\/pages\/4427\/revisions"}],"predecessor-version":[{"id":4840,"href":"https:\/\/www.trabulo.com\/index.php\/wp-json\/wp\/v2\/pages\/4427\/revisions\/4840"}],"wp:featuredmedia":[{"embeddable":true,"href":"https:\/\/www.trabulo.com\/index.php\/wp-json\/wp\/v2\/media\/4833"}],"wp:attachment":[{"href":"https:\/\/www.trabulo.com\/index.php\/wp-json\/wp\/v2\/media?parent=4427"}],"curies":[{"name":"wp","href":"https:\/\/api.w.org\/{rel}","templated":true}]}}