{"id":4437,"date":"2025-05-19T10:23:54","date_gmt":"2025-05-19T08:23:54","guid":{"rendered":"https:\/\/www.trabulo.com\/Trabulowp\/?page_id=4437"},"modified":"2025-05-19T10:27:30","modified_gmt":"2025-05-19T08:27:30","slug":"hotellerie-restauration","status":"publish","type":"page","link":"https:\/\/www.trabulo.com\/index.php\/hotellerie-restauration\/","title":{"rendered":"H\u00f4tellerie &#038; restauration"},"content":{"rendered":"<div class=\"wpb-content-wrapper\"><p>[vc_row content_placement=\u00a0\u00bbmiddle\u00a0\u00bb css=\u00a0\u00bb.vc_custom_1542639509824{padding-top: 75px !important;padding-bottom: 75px !important;}\u00a0\u00bb el_id=\u00a0\u00bbservices\u00a0\u00bb][vc_column offset=\u00a0\u00bbvc_col-md-6&Prime;]<div id=\"ld_images_group_container_69e3731f9206e\" class=\"liquid-img-group-container ld_images_group_container_69e3731f9206e\"  >\n\t<div class=\"liquid-img-group-inner\">\n\t\t<div id=\"ld_images_group_element_69e3731f921ca\" class=\"liquid-img-group-single ld_images_group_element_69e3731f921ca\" data-reveal=\"true\" data-reveal-options='{\"direction\":\"rl\",\"bgcolor\":\"rgb(23, 37, 49)\",\"delay\":\"\"}'>\n\t\n\t\t\n\t<div class=\"liquid-img-group-img-container\">\n\t\t\n\t\t\n\t\t\t\t\n\t\t\t\t<div class=\"liquid-img-container-inner\" >\n\t\t\t<figure ><img loading=\"lazy\" decoding=\"async\" width=\"1652\" height=\"2560\" src=\"data:image\/svg+xml;charset=utf-8,&lt;svg xmlns%3D&#039;http%3A%2F%2Fwww.w3.org%2F2000%2Fsvg&#039; viewBox%3D&#039;0 0 1652 2560&#039;%2F&gt;\" class=\"attachment-full size-full ld-lazyload\" alt=\"\" srcset=\"\" sizes=\"auto, (max-width: 1652px) 100vw, 1652px\" data-src=\"https:\/\/www.trabulo.com\/wp-content\/uploads\/2025\/05\/pexels-shkrabaanthony-4485363-scaled.jpg\" data-srcset=\"https:\/\/www.trabulo.com\/wp-content\/uploads\/2025\/05\/pexels-shkrabaanthony-4485363-scaled.jpg 1652w, https:\/\/www.trabulo.com\/wp-content\/uploads\/2025\/05\/pexels-shkrabaanthony-4485363-194x300.jpg 194w, https:\/\/www.trabulo.com\/wp-content\/uploads\/2025\/05\/pexels-shkrabaanthony-4485363-661x1024.jpg 661w\" data-aspect=\"0.6453125\" \/><\/figure>\t\t\t\t\t<\/div><!-- \/.liquid-img-container-inner -->\n\t\t\n\t<\/div><!-- \/.liquid-img-group-content -->\n<\/div><!-- \/.liquid-img-group-single -->\n\t\n\t<\/div><!-- \/.liquid-img-group-inner -->\n<\/div><!-- \/.liquid-img-group-container -->[\/vc_column][vc_column parallax=\u00a0\u00bbyes\u00a0\u00bb scale_from_x=\u00a0\u00bb1&Prime; scale_from_y=\u00a0\u00bb1&Prime; scale_from_z=\u00a0\u00bb1&Prime; from_opacity=\u00a0\u00bb1&Prime; scale_to_x=\u00a0\u00bb1&Prime; scale_to_y=\u00a0\u00bb1&Prime; scale_to_z=\u00a0\u00bb1&Prime; to_opacity=\u00a0\u00bb1&Prime; enable_content_animation=\u00a0\u00bbyes\u00a0\u00bb ca_init_scale_x=\u00a0\u00bb1&Prime; ca_init_scale_y=\u00a0\u00bb1&Prime; ca_init_scale_z=\u00a0\u00bb1&Prime; ca_init_opacity=\u00a0\u00bb0&Prime; ca_an_scale_x=\u00a0\u00bb1&Prime; ca_an_scale_y=\u00a0\u00bb1&Prime; ca_an_scale_z=\u00a0\u00bb1&Prime; ca_an_opacity=\u00a0\u00bb1&Prime; offset=\u00a0\u00bbvc_col-md-offset-1 vc_col-md-5&Prime; ca_init_translate_y=\u00a0\u00bb39&Prime; translate_from_y=\u00a0\u00bb-58&Prime; translate_to_y=\u00a0\u00bb59&Prime;]<style>.ld_fancy_heading_69e3731f9474d h2 {margin-bottom:0px !important;  } .ld_fancy_heading_69e3731f9474d .lqd-highlight-inner{height:0.275em;bottom:0px;}.ld_fancy_heading_69e3731f9474d h2 {margin-bottom:0px !important;  } <\/style><div class=\"ld-fancy-heading text-uppercase ld_fancy_heading_69e3731f9474d\">\n\t<h2 class=\"lqd-highlight-underline lqd-highlight-grow-left\" data-fittext=\"true\" data-fittext-options='{\"compressor\":0.5,\"maxFontSize\":\"currentFontSize\",\"minFontSize\":\"\"}'><span class=\"ld-fh-txt\"> H\u00f4tellerie &amp; Restauration<\/span><\/h2><\/div><style>.ld_spacer_69e3731f948c5{height:15px;}<\/style>\n<div class=\"ld-empty-space ld_spacer_69e3731f948c5\"><span class=\"liquid_empty_space_inner\"><\/span><\/div><style>.ld_fancy_heading_69e3731f94996 h6{font-size:12px;letter-spacing:0.2em;color:rgb(63, 65, 71);}.ld_fancy_heading_69e3731f94996 h6 {margin-top:0px !important;  } .ld_fancy_heading_69e3731f94996 .lqd-highlight-inner{height:0.275em;bottom:0px;}.ld_fancy_heading_69e3731f94996 h6 {margin-top:0px !important;  } <\/style><div class=\"ld-fancy-heading text-uppercase ld_fancy_heading_69e3731f94996\">\n\t<h6 class=\"lqd-highlight-underline lqd-highlight-grow-left\" ><span class=\"ld-fh-txt\"> Nous proposons des tenues professionnelles adapt\u00e9es aux m\u00e9tiers de l\u2019h\u00f4tellerie et de la restauration : vestes de cuisine, tabliers, pantalons, tenues de service ou d\u2019accueil. Confortables, \u00e9l\u00e9gants et personnalisables, nos v\u00eatements valorisent votre image tout en r\u00e9pondant aux exigences du m\u00e9tier.<\/span><\/h6><\/div><style>.ld_spacer_69e3731f94a5c{height:28px;}<\/style>\n<div class=\"ld-empty-space ld_spacer_69e3731f94a5c\"><span class=\"liquid_empty_space_inner\"><\/span><\/div><style>.ld_fancy_heading_69e3731f94afd .lqd-highlight-inner{height:0.275em;bottom:0px;}<\/style><div class=\"ld-fancy-heading ld_fancy_heading_69e3731f94afd\">\n\t<p class=\"lqd-highlight-underline lqd-highlight-grow-left\" ><span class=\"ld-fh-txt\"> Professionnels de l\u2019h\u00f4tellerie et de la restauration, nous vous proposons une gamme compl\u00e8te de v\u00eatements con\u00e7us pour allier style, confort et r\u00e9sistance. De la cuisine \u00e0 la salle, nos tenues s\u2019adaptent aux exigences de chaque poste : vestes de chef, tabliers, pantalons de cuisine, chemises, tenues d\u2019accueil ou de service. Nous s\u00e9lectionnons des textiles de qualit\u00e9, pens\u00e9s pour un usage intensif, tout en assurant une pr\u00e9sentation soign\u00e9e.<\/span><\/p><\/div><style>.ld_spacer_69e3731f94b92{height:43px;}<\/style>\n<div class=\"ld-empty-space ld_spacer_69e3731f94b92\"><span class=\"liquid_empty_space_inner\"><\/span><\/div><style>.vc_accordion_69e3731f94cc5 .accordion-title{font-size:15px;font-weight:500;letter-spacing:0.2em;}<\/style><div class=\"accordion accordion-xs accordion-title-underlined vc_accordion_69e3731f94cc5\" id=\"vc_accordion_69e3731f94cc5\" role=\"tablist\" aria-multiselectable=\"true\">\n\n\t<div class=\"accordion-item panel  \">\n\n\t\t<div class=\"accordion-heading\" role=\"tab\" id=\"heading_1528963630592-47c7b540-a15b\">\n\t\t\t<h4 class=\"accordion-title\">\n\t\t\t\t<a class=\"collapsed\" data-toggle=\"collapse\" data-parent=\"#vc_accordion_69e3731f94cc5\" href=\"#1528963630592-47c7b540-a15b\" aria-expanded=\"false\" aria-controls=\"1528963630592-47c7b540-a15b\">\n\t\t\t\t\t\n\t\t\t\t\t\n\t\t\t\t\tH\u00f4tellerie\n\t\t\t\t\t\n\t\t\t\t<\/a>\n\t\t\t\t\n\t\t\t<\/h4>\n\t\t<\/div>\n\n\t\t<div id=\"1528963630592-47c7b540-a15b\" class=\"accordion-collapse collapse\" role=\"tabpanel\" aria-labelledby=\"heading_1528963630592-47c7b540-a15b\">\n\t\t\t<div class=\"accordion-content\">\n\t\t\t<p>[vc_row_inner css=\u00a0\u00bb.vc_custom_1747641897653{padding-top: -20px !important;}\u00a0\u00bb][vc_column_inner width=\u00a0\u00bb11\/12&Prime; offset=\u00a0\u00bbvc_col-md-12&Prime;][vc_column_text css=\u00a0\u00bb\u00a0\u00bb]<\/p>\n<p data-start=\"82\" data-end=\"192\">Offrez \u00e0 votre personnel une tenue \u00e0 la hauteur de votre \u00e9tablissement. Nous proposons une gamme \u00e9l\u00e9gante et fonctionnelle de v\u00eatements d\u00e9di\u00e9s \u00e0 l\u2019h\u00f4tellerie : tenues d\u2019accueil, tailleurs, chemises, gilets, pantalons ou encore uniformes personnalis\u00e9s. Nos v\u00eatements allient confort, tenue impeccable et raffinement, parfaits pour renforcer l\u2019image haut de gamme de votre h\u00f4tel.<\/p>\n<p>[\/vc_column_text][\/vc_column_inner][\/vc_row_inner]<\/p>\n\t\t\t<\/div>\n\t\t<\/div>\n\t<\/div>\n\t<div class=\"accordion-item panel  \">\n\n\t\t<div class=\"accordion-heading\" role=\"tab\" id=\"heading_ld-1528965005956-9b9fe76c-8364\">\n\t\t\t<h4 class=\"accordion-title\">\n\t\t\t\t<a class=\"collapsed\" data-toggle=\"collapse\" data-parent=\"#vc_accordion_69e3731f94cc5\" href=\"#ld-1528965005956-9b9fe76c-8364\" aria-expanded=\"false\" aria-controls=\"ld-1528965005956-9b9fe76c-8364\">\n\t\t\t\t\t\n\t\t\t\t\t\n\t\t\t\t\tRestauration\n\t\t\t\t\t\n\t\t\t\t<\/a>\n\t\t\t\t\n\t\t\t<\/h4>\n\t\t<\/div>\n\n\t\t<div id=\"ld-1528965005956-9b9fe76c-8364\" class=\"accordion-collapse collapse\" role=\"tabpanel\" aria-labelledby=\"heading_ld-1528965005956-9b9fe76c-8364\">\n\t\t\t<div class=\"accordion-content\">\n\t\t\t<p>[vc_row_inner css=\u00a0\u00bb.vc_custom_1528964908409{padding-top: 15px !important;}\u00a0\u00bb][vc_column_inner offset=\u00a0\u00bbvc_col-md-12&Prime;][vc_column_text css=\u00a0\u00bb\u00a0\u00bb]<\/p>\n<p data-start=\"354\" data-end=\"504\">Con\u00e7us pour r\u00e9pondre aux exigences du m\u00e9tier, nos v\u00eatements de restauration offrent r\u00e9sistance, confort et style. Vestes de cuisine, pantalons, tabliers, t-shirts ou tenues de service : chaque pi\u00e8ce est pens\u00e9e pour accompagner les professionnels en cuisine comme en salle. Les mat\u00e9riaux sont robustes, faciles d\u2019entretien et agr\u00e9ables \u00e0 porter, m\u00eame lors des services les plus intenses.<\/p>\n<p>[\/vc_column_text][\/vc_column_inner][\/vc_row_inner]<\/p>\n\t\t\t<\/div>\n\t\t<\/div>\n\t<\/div>\n<\/div>[\/vc_column][\/vc_row]<\/p>\n<\/div>","protected":false},"excerpt":{"rendered":"<p>[vc_row content_placement=\u00a0\u00bbmiddle\u00a0\u00bb css=\u00a0\u00bb.vc_custom_1542639509824{padding-top: 75px !important;padding-bottom: 75px !important;}\u00a0\u00bb el_id=\u00a0\u00bbservices\u00a0\u00bb][vc_column offset=\u00a0\u00bbvc_col-md-6&Prime;][\/vc_column][vc_column parallax=\u00a0\u00bbyes\u00a0\u00bb scale_from_x=\u00a0\u00bb1&Prime; scale_from_y=\u00a0\u00bb1&Prime; scale_from_z=\u00a0\u00bb1&Prime; from_opacity=\u00a0\u00bb1&Prime; scale_to_x=\u00a0\u00bb1&Prime;&#8230;<\/p>\n","protected":false},"author":1,"featured_media":0,"parent":0,"menu_order":0,"comment_status":"closed","ping_status":"closed","template":"","meta":{"footnotes":""},"class_list":["post-4437","page","type-page","status-publish","hentry"],"_links":{"self":[{"href":"https:\/\/www.trabulo.com\/index.php\/wp-json\/wp\/v2\/pages\/4437","targetHints":{"allow":["GET"]}}],"collection":[{"href":"https:\/\/www.trabulo.com\/index.php\/wp-json\/wp\/v2\/pages"}],"about":[{"href":"https:\/\/www.trabulo.com\/index.php\/wp-json\/wp\/v2\/types\/page"}],"author":[{"embeddable":true,"href":"https:\/\/www.trabulo.com\/index.php\/wp-json\/wp\/v2\/users\/1"}],"replies":[{"embeddable":true,"href":"https:\/\/www.trabulo.com\/index.php\/wp-json\/wp\/v2\/comments?post=4437"}],"version-history":[{"count":2,"href":"https:\/\/www.trabulo.com\/index.php\/wp-json\/wp\/v2\/pages\/4437\/revisions"}],"predecessor-version":[{"id":4439,"href":"https:\/\/www.trabulo.com\/index.php\/wp-json\/wp\/v2\/pages\/4437\/revisions\/4439"}],"wp:attachment":[{"href":"https:\/\/www.trabulo.com\/index.php\/wp-json\/wp\/v2\/media?parent=4437"}],"curies":[{"name":"wp","href":"https:\/\/api.w.org\/{rel}","templated":true}]}}