{"id":4446,"date":"2025-05-19T10:45:20","date_gmt":"2025-05-19T08:45:20","guid":{"rendered":"https:\/\/www.trabulo.com\/Trabulowp\/?page_id=4446"},"modified":"2025-05-19T16:35:02","modified_gmt":"2025-05-19T14:35:02","slug":"decorative","status":"publish","type":"page","link":"https:\/\/www.trabulo.com\/index.php\/decorative\/","title":{"rendered":"D\u00e9corative"},"content":{"rendered":"<div class=\"wpb-content-wrapper\"><p>[vc_row content_placement=\u00a0\u00bbmiddle\u00a0\u00bb css=\u00a0\u00bb.vc_custom_1542639509824{padding-top: 75px !important;padding-bottom: 75px !important;}\u00a0\u00bb el_id=\u00a0\u00bbservices\u00a0\u00bb][vc_column offset=\u00a0\u00bbvc_col-md-6&Prime;]<div id=\"ld_images_group_container_69e3730db2bd6\" class=\"liquid-img-group-container ld_images_group_container_69e3730db2bd6\"  >\n\t<div class=\"liquid-img-group-inner\">\n\t\t<div id=\"ld_images_group_element_69e3730db2de0\" class=\"liquid-img-group-single ld_images_group_element_69e3730db2de0\" data-reveal=\"true\" data-reveal-options='{\"direction\":\"rl\",\"bgcolor\":\"rgb(23, 37, 49)\",\"delay\":\"\"}'>\n\t\n\t\t\n\t<div class=\"liquid-img-group-img-container\">\n\t\t\n\t\t\n\t\t\t\t\n\t\t\t\t<div class=\"liquid-img-container-inner\" >\n\t\t\t<figure ><img loading=\"lazy\" decoding=\"async\" width=\"800\" height=\"531\" src=\"data:image\/svg+xml;charset=utf-8,&lt;svg xmlns%3D&#039;http%3A%2F%2Fwww.w3.org%2F2000%2Fsvg&#039; viewBox%3D&#039;0 0 800 531&#039;%2F&gt;\" class=\"attachment-full size-full ld-lazyload\" alt=\"\" srcset=\"\" sizes=\"auto, (max-width: 800px) 100vw, 800px\" data-src=\"https:\/\/www.trabulo.com\/wp-content\/uploads\/2025\/05\/JT_6710_CG_RT_PET__ULTRA_TRANSPARENT_MACTAC-e1747659333877.jpg\" data-srcset=\"https:\/\/www.trabulo.com\/wp-content\/uploads\/2025\/05\/JT_6710_CG_RT_PET__ULTRA_TRANSPARENT_MACTAC-e1747659333877.jpg 800w, https:\/\/www.trabulo.com\/wp-content\/uploads\/2025\/05\/JT_6710_CG_RT_PET__ULTRA_TRANSPARENT_MACTAC-e1747659333877-300x199.jpg 300w, https:\/\/www.trabulo.com\/wp-content\/uploads\/2025\/05\/JT_6710_CG_RT_PET__ULTRA_TRANSPARENT_MACTAC-e1747659333877-768x510.jpg 768w, https:\/\/www.trabulo.com\/wp-content\/uploads\/2025\/05\/JT_6710_CG_RT_PET__ULTRA_TRANSPARENT_MACTAC-e1747659333877-450x300.jpg 450w\" data-aspect=\"1.5065913370998\" \/><\/figure>\t\t\t\t\t<\/div><!-- \/.liquid-img-container-inner -->\n\t\t\n\t<\/div><!-- \/.liquid-img-group-content -->\n<\/div><!-- \/.liquid-img-group-single -->\n\t\n\t<\/div><!-- \/.liquid-img-group-inner -->\n<\/div><!-- \/.liquid-img-group-container -->[\/vc_column][vc_column parallax=\u00a0\u00bbyes\u00a0\u00bb scale_from_x=\u00a0\u00bb1&Prime; scale_from_y=\u00a0\u00bb1&Prime; scale_from_z=\u00a0\u00bb1&Prime; from_opacity=\u00a0\u00bb1&Prime; scale_to_x=\u00a0\u00bb1&Prime; scale_to_y=\u00a0\u00bb1&Prime; scale_to_z=\u00a0\u00bb1&Prime; to_opacity=\u00a0\u00bb1&Prime; enable_content_animation=\u00a0\u00bbyes\u00a0\u00bb ca_init_scale_x=\u00a0\u00bb1&Prime; ca_init_scale_y=\u00a0\u00bb1&Prime; ca_init_scale_z=\u00a0\u00bb1&Prime; ca_init_opacity=\u00a0\u00bb0&Prime; ca_an_scale_x=\u00a0\u00bb1&Prime; ca_an_scale_y=\u00a0\u00bb1&Prime; ca_an_scale_z=\u00a0\u00bb1&Prime; ca_an_opacity=\u00a0\u00bb1&Prime; offset=\u00a0\u00bbvc_col-md-offset-1 vc_col-md-5&Prime; ca_init_translate_y=\u00a0\u00bb39&Prime; translate_from_y=\u00a0\u00bb-58&Prime; translate_to_y=\u00a0\u00bb59&Prime;]<style>.ld_fancy_heading_69e3730db5136 h2 {margin-bottom:0px !important;  } .ld_fancy_heading_69e3730db5136 .lqd-highlight-inner{height:0.275em;bottom:0px;}.ld_fancy_heading_69e3730db5136 h2 {margin-bottom:0px !important;  } <\/style><div class=\"ld-fancy-heading text-uppercase ld_fancy_heading_69e3730db5136\">\n\t<h2 class=\"lqd-highlight-underline lqd-highlight-grow-left\" data-fittext=\"true\" data-fittext-options='{\"compressor\":0.5,\"maxFontSize\":\"currentFontSize\",\"minFontSize\":\"\"}'><span class=\"ld-fh-txt\"> Vitrophanie d\u00e9corative<\/span><\/h2><\/div><style>.ld_spacer_69e3730db53b6{height:15px;}<\/style>\n<div class=\"ld-empty-space ld_spacer_69e3730db53b6\"><span class=\"liquid_empty_space_inner\"><\/span><\/div><style>.ld_fancy_heading_69e3730db5596 h6{font-size:12px;letter-spacing:0.2em;color:rgb(63, 65, 71);}.ld_fancy_heading_69e3730db5596 h6 {margin-top:0px !important;  } .ld_fancy_heading_69e3730db5596 .lqd-highlight-inner{height:0.275em;bottom:0px;}.ld_fancy_heading_69e3730db5596 h6 {margin-top:0px !important;  } <\/style><div class=\"ld-fancy-heading text-uppercase ld_fancy_heading_69e3730db5596\">\n\t<h6 class=\"lqd-highlight-underline lqd-highlight-grow-left\" ><span class=\"ld-fh-txt\"> <\/p>\n<p data-start=\"178\" data-end=\"396\">Apportez style et originalit\u00e9 \u00e0 vos surfaces vitr\u00e9es gr\u00e2ce \u00e0 la vitrophanie d\u00e9corative. Id\u00e9ale pour personnaliser vitrines, bureaux ou int\u00e9rieurs, elle habille le verre avec \u00e9l\u00e9gance tout en laissant passer la lumi\u00e8re.<\/p>\n<p><\/span><\/h6><\/div><style>.ld_spacer_69e3730db5715{height:28px;}<\/style>\n<div class=\"ld-empty-space ld_spacer_69e3730db5715\"><span class=\"liquid_empty_space_inner\"><\/span><\/div><style>.ld_fancy_heading_69e3730db580f .lqd-highlight-inner{height:0.275em;bottom:0px;}<\/style><div class=\"ld-fancy-heading ld_fancy_heading_69e3730db580f\">\n\t<p class=\"lqd-highlight-underline lqd-highlight-grow-left\" ><span class=\"ld-fh-txt\"> La vitrophanie d\u00e9corative permet de transformer vos vitrages en v\u00e9ritables \u00e9l\u00e9ments de d\u00e9coration. Qu\u2019il s\u2019agisse de motifs graphiques, de formes artistiques ou de cr\u00e9ations sur mesure, elle habille les surfaces vitr\u00e9es avec esth\u00e9tisme, sans les occulter. Adapt\u00e9e aux commerces, bureaux, salons ou m\u00eame aux particuliers, cette solution offre un rendu visuel unique tout en conservant la luminosit\u00e9 des espaces.<\/span><\/p><\/div><style>.ld_spacer_69e3730db5906{height:43px;}<\/style>\n<div class=\"ld-empty-space ld_spacer_69e3730db5906\"><span class=\"liquid_empty_space_inner\"><\/span><\/div><style>.vc_accordion_69e3730db5a5b .accordion-title{font-size:15px;font-weight:500;letter-spacing:0.2em;}<\/style><div class=\"accordion accordion-xs accordion-title-underlined vc_accordion_69e3730db5a5b\" id=\"vc_accordion_69e3730db5a5b\" role=\"tablist\" aria-multiselectable=\"true\">\n\n\t<div class=\"accordion-item panel  \">\n\n\t\t<div class=\"accordion-heading\" role=\"tab\" id=\"heading_1528963630592-47c7b540-a15b\">\n\t\t\t<h4 class=\"accordion-title\">\n\t\t\t\t<a class=\"collapsed\" data-toggle=\"collapse\" data-parent=\"#vc_accordion_69e3730db5a5b\" href=\"#1528963630592-47c7b540-a15b\" aria-expanded=\"false\" aria-controls=\"1528963630592-47c7b540-a15b\">\n\t\t\t\t\t\n\t\t\t\t\t\n\t\t\t\t\tDesign &amp; artistique\n\t\t\t\t\t\n\t\t\t\t<\/a>\n\t\t\t\t\n\t\t\t<\/h4>\n\t\t<\/div>\n\n\t\t<div id=\"1528963630592-47c7b540-a15b\" class=\"accordion-collapse collapse\" role=\"tabpanel\" aria-labelledby=\"heading_1528963630592-47c7b540-a15b\">\n\t\t\t<div class=\"accordion-content\">\n\t\t\t<p>[vc_row_inner css=\u00a0\u00bb.vc_custom_1747641897653{padding-top: -20px !important;}\u00a0\u00bb][vc_column_inner width=\u00a0\u00bb11\/12&Prime; offset=\u00a0\u00bbvc_col-md-12&Prime;][vc_column_text css=\u00a0\u00bb\u00a0\u00bb]<\/p>\n<p data-start=\"60\" data-end=\"244\">Cette cat\u00e9gorie regroupe les cr\u00e9ations graphiques ou esth\u00e9tiques qui donnent une vraie identit\u00e9 visuelle \u00e0 vos espaces. Motifs abstraits, formes g\u00e9om\u00e9triques, inspirations florales ou v\u00e9g\u00e9tales : la vitrophanie devient un \u00e9l\u00e9ment de d\u00e9coration \u00e0 part enti\u00e8re. Parfait pour les salons de coiffure, agences, showrooms ou int\u00e9rieurs modernes.<\/p>\n<p>[\/vc_column_text][\/vc_column_inner][\/vc_row_inner]<\/p>\n\t\t\t<\/div>\n\t\t<\/div>\n\t<\/div>\n\t<div class=\"accordion-item panel  \">\n\n\t\t<div class=\"accordion-heading\" role=\"tab\" id=\"heading_ld-1528965005956-9b9fe76c-8364\">\n\t\t\t<h4 class=\"accordion-title\">\n\t\t\t\t<a class=\"collapsed\" data-toggle=\"collapse\" data-parent=\"#vc_accordion_69e3730db5a5b\" href=\"#ld-1528965005956-9b9fe76c-8364\" aria-expanded=\"false\" aria-controls=\"ld-1528965005956-9b9fe76c-8364\">\n\t\t\t\t\t\n\t\t\t\t\t\n\t\t\t\t\tSur mesure &amp; personnalis\u00e9e\n\t\t\t\t\t\n\t\t\t\t<\/a>\n\t\t\t\t\n\t\t\t<\/h4>\n\t\t<\/div>\n\n\t\t<div id=\"ld-1528965005956-9b9fe76c-8364\" class=\"accordion-collapse collapse\" role=\"tabpanel\" aria-labelledby=\"heading_ld-1528965005956-9b9fe76c-8364\">\n\t\t\t<div class=\"accordion-content\">\n\t\t\t<p>[vc_row_inner css=\u00a0\u00bb.vc_custom_1528964908409{padding-top: 15px !important;}\u00a0\u00bb][vc_column_inner offset=\u00a0\u00bbvc_col-md-12&Prime;][vc_column_text css=\u00a0\u00bb\u00a0\u00bb]<\/p>\n<p data-start=\"1339\" data-end=\"1674\">Vous avez une id\u00e9e pr\u00e9cise ? Nous cr\u00e9ons des visuels 100 % personnalis\u00e9s : nom de marque, citation, visuel fourni par vos soins, logo retravaill\u00e9 en effet d\u00e9poli ou color\u00e9. Cette solution s\u2019adapte aussi bien \u00e0 un univers professionnel qu\u2019\u00e0 des projets plus personnels (d\u00e9coration d\u2019int\u00e9rieur, porte vitr\u00e9e, s\u00e9paration de pi\u00e8ces, etc.).<\/p>\n<p>[\/vc_column_text][\/vc_column_inner][\/vc_row_inner]<\/p>\n\t\t\t<\/div>\n\t\t<\/div>\n\t<\/div>\n<\/div>[\/vc_column][\/vc_row]<\/p>\n<\/div>","protected":false},"excerpt":{"rendered":"<p>[vc_row content_placement=\u00a0\u00bbmiddle\u00a0\u00bb css=\u00a0\u00bb.vc_custom_1542639509824{padding-top: 75px !important;padding-bottom: 75px !important;}\u00a0\u00bb el_id=\u00a0\u00bbservices\u00a0\u00bb][vc_column offset=\u00a0\u00bbvc_col-md-6&Prime;][\/vc_column][vc_column parallax=\u00a0\u00bbyes\u00a0\u00bb scale_from_x=\u00a0\u00bb1&Prime; scale_from_y=\u00a0\u00bb1&Prime; scale_from_z=\u00a0\u00bb1&Prime; from_opacity=\u00a0\u00bb1&Prime; scale_to_x=\u00a0\u00bb1&Prime;&#8230;<\/p>\n","protected":false},"author":1,"featured_media":0,"parent":0,"menu_order":0,"comment_status":"closed","ping_status":"closed","template":"","meta":{"footnotes":""},"class_list":["post-4446","page","type-page","status-publish","hentry"],"_links":{"self":[{"href":"https:\/\/www.trabulo.com\/index.php\/wp-json\/wp\/v2\/pages\/4446","targetHints":{"allow":["GET"]}}],"collection":[{"href":"https:\/\/www.trabulo.com\/index.php\/wp-json\/wp\/v2\/pages"}],"about":[{"href":"https:\/\/www.trabulo.com\/index.php\/wp-json\/wp\/v2\/types\/page"}],"author":[{"embeddable":true,"href":"https:\/\/www.trabulo.com\/index.php\/wp-json\/wp\/v2\/users\/1"}],"replies":[{"embeddable":true,"href":"https:\/\/www.trabulo.com\/index.php\/wp-json\/wp\/v2\/comments?post=4446"}],"version-history":[{"count":4,"href":"https:\/\/www.trabulo.com\/index.php\/wp-json\/wp\/v2\/pages\/4446\/revisions"}],"predecessor-version":[{"id":4604,"href":"https:\/\/www.trabulo.com\/index.php\/wp-json\/wp\/v2\/pages\/4446\/revisions\/4604"}],"wp:attachment":[{"href":"https:\/\/www.trabulo.com\/index.php\/wp-json\/wp\/v2\/media?parent=4446"}],"curies":[{"name":"wp","href":"https:\/\/api.w.org\/{rel}","templated":true}]}}