{"id":4449,"date":"2025-05-19T10:48:07","date_gmt":"2025-05-19T08:48:07","guid":{"rendered":"https:\/\/www.trabulo.com\/Trabulowp\/?page_id=4449"},"modified":"2025-05-19T10:48:07","modified_gmt":"2025-05-19T08:48:07","slug":"depoli","status":"publish","type":"page","link":"https:\/\/www.trabulo.com\/index.php\/depoli\/","title":{"rendered":"D\u00e9poli"},"content":{"rendered":"<div class=\"wpb-content-wrapper\"><p>[vc_row content_placement=\u00a0\u00bbmiddle\u00a0\u00bb css=\u00a0\u00bb.vc_custom_1542639509824{padding-top: 75px !important;padding-bottom: 75px !important;}\u00a0\u00bb el_id=\u00a0\u00bbservices\u00a0\u00bb][vc_column offset=\u00a0\u00bbvc_col-md-6&Prime;]<div id=\"ld_images_group_container_69e3852e3dbdf\" class=\"liquid-img-group-container ld_images_group_container_69e3852e3dbdf\"  >\n\t<div class=\"liquid-img-group-inner\">\n\t\t<div id=\"ld_images_group_element_69e3852e3de7e\" class=\"liquid-img-group-single ld_images_group_element_69e3852e3de7e\" data-reveal=\"true\" data-reveal-options='{\"direction\":\"rl\",\"bgcolor\":\"rgb(23, 37, 49)\",\"delay\":\"\"}'>\n\t\n\t\t\n\t<div class=\"liquid-img-group-img-container\">\n\t\t\n\t\t\n\t\t\t\t\n\t\t\t\t<div class=\"liquid-img-container-inner\" >\n\t\t\t<figure ><img loading=\"lazy\" decoding=\"async\" width=\"1536\" height=\"1536\" src=\"data:image\/svg+xml;charset=utf-8,&lt;svg xmlns%3D&#039;http%3A%2F%2Fwww.w3.org%2F2000%2Fsvg&#039; viewBox%3D&#039;0 0 1536 1536&#039;%2F&gt;\" class=\"attachment-full size-full ld-lazyload\" alt=\"\" srcset=\"\" sizes=\"auto, (max-width: 1536px) 100vw, 1536px\" data-src=\"https:\/\/www.trabulo.com\/wp-content\/uploads\/2025\/05\/R.jpg\" data-srcset=\"https:\/\/www.trabulo.com\/wp-content\/uploads\/2025\/05\/R.jpg 1536w, https:\/\/www.trabulo.com\/wp-content\/uploads\/2025\/05\/R-300x300.jpg 300w, https:\/\/www.trabulo.com\/wp-content\/uploads\/2025\/05\/R-1024x1024.jpg 1024w, https:\/\/www.trabulo.com\/wp-content\/uploads\/2025\/05\/R-150x150.jpg 150w\" data-aspect=\"1\" \/><\/figure>\t\t\t\t\t<\/div><!-- \/.liquid-img-container-inner -->\n\t\t\n\t<\/div><!-- \/.liquid-img-group-content -->\n<\/div><!-- \/.liquid-img-group-single -->\n\t\n\t<\/div><!-- \/.liquid-img-group-inner -->\n<\/div><!-- \/.liquid-img-group-container -->[\/vc_column][vc_column parallax=\u00a0\u00bbyes\u00a0\u00bb scale_from_x=\u00a0\u00bb1&Prime; scale_from_y=\u00a0\u00bb1&Prime; scale_from_z=\u00a0\u00bb1&Prime; from_opacity=\u00a0\u00bb1&Prime; scale_to_x=\u00a0\u00bb1&Prime; scale_to_y=\u00a0\u00bb1&Prime; scale_to_z=\u00a0\u00bb1&Prime; to_opacity=\u00a0\u00bb1&Prime; enable_content_animation=\u00a0\u00bbyes\u00a0\u00bb ca_init_scale_x=\u00a0\u00bb1&Prime; ca_init_scale_y=\u00a0\u00bb1&Prime; ca_init_scale_z=\u00a0\u00bb1&Prime; ca_init_opacity=\u00a0\u00bb0&Prime; ca_an_scale_x=\u00a0\u00bb1&Prime; ca_an_scale_y=\u00a0\u00bb1&Prime; ca_an_scale_z=\u00a0\u00bb1&Prime; ca_an_opacity=\u00a0\u00bb1&Prime; offset=\u00a0\u00bbvc_col-md-offset-1 vc_col-md-5&Prime; ca_init_translate_y=\u00a0\u00bb39&Prime; translate_from_y=\u00a0\u00bb-58&Prime; translate_to_y=\u00a0\u00bb59&Prime;]<style>.ld_fancy_heading_69e3852e405f5 h2 {margin-bottom:0px !important;  } .ld_fancy_heading_69e3852e405f5 .lqd-highlight-inner{height:0.275em;bottom:0px;}.ld_fancy_heading_69e3852e405f5 h2 {margin-bottom:0px !important;  } <\/style><div class=\"ld-fancy-heading text-uppercase ld_fancy_heading_69e3852e405f5\">\n\t<h2 class=\"lqd-highlight-underline lqd-highlight-grow-left\" data-fittext=\"true\" data-fittext-options='{\"compressor\":0.5,\"maxFontSize\":\"currentFontSize\",\"minFontSize\":\"\"}'><span class=\"ld-fh-txt\"> Vitrophanie d\u00e9poli<\/span><\/h2><\/div><style>.ld_spacer_69e3852e40881{height:15px;}<\/style>\n<div class=\"ld-empty-space ld_spacer_69e3852e40881\"><span class=\"liquid_empty_space_inner\"><\/span><\/div><style>.ld_fancy_heading_69e3852e40aa6 h6{font-size:12px;letter-spacing:0.2em;color:rgb(63, 65, 71);}.ld_fancy_heading_69e3852e40aa6 h6 {margin-top:0px !important;  } .ld_fancy_heading_69e3852e40aa6 .lqd-highlight-inner{height:0.275em;bottom:0px;}.ld_fancy_heading_69e3852e40aa6 h6 {margin-top:0px !important;  } <\/style><div class=\"ld-fancy-heading text-uppercase ld_fancy_heading_69e3852e40aa6\">\n\t<h6 class=\"lqd-highlight-underline lqd-highlight-grow-left\" ><span class=\"ld-fh-txt\"> <\/p>\n<p data-start=\"117\" data-end=\"351\">Offrez discr\u00e9tion et \u00e9l\u00e9gance \u00e0 vos espaces avec la vitrophanie d\u00e9poli. Id\u00e9ale pour pr\u00e9server l&rsquo;intimit\u00e9 tout en laissant passer la lumi\u00e8re, elle permet de s\u00e9parer des zones sans nuire \u00e0 l\u2019ambiance lumineuse de vos pi\u00e8ces ou vitrines.<\/p>\n<p><\/span><\/h6><\/div><style>.ld_spacer_69e3852e40c44{height:28px;}<\/style>\n<div class=\"ld-empty-space ld_spacer_69e3852e40c44\"><span class=\"liquid_empty_space_inner\"><\/span><\/div><style>.ld_fancy_heading_69e3852e40da8 .lqd-highlight-inner{height:0.275em;bottom:0px;}<\/style><div class=\"ld-fancy-heading ld_fancy_heading_69e3852e40da8\">\n\t<p class=\"lqd-highlight-underline lqd-highlight-grow-left\" ><span class=\"ld-fh-txt\"> <\/p>\n<p data-start=\"397\" data-end=\"932\">La <strong data-start=\"400\" data-end=\"422\">vitrophanie d\u00e9poli<\/strong> est une solution parfaite pour cr\u00e9er des espaces priv\u00e9s tout en conservant une sensation d&rsquo;ouverture et de luminosit\u00e9. Ce film adh\u00e9sif opaque, appliqu\u00e9 sur vos vitrages, pr\u00e9serve l\u2019intimit\u00e9 sans obscurcir les lieux. Il est particuli\u00e8rement appr\u00e9ci\u00e9 dans les bureaux, salles de r\u00e9union, ou dans des vitrines de magasins o\u00f9 l\u2019on souhaite prot\u00e9ger la confidentialit\u00e9 sans compromettre la visibilit\u00e9. En plus de sa fonction pratique, il peut \u00e9galement ajouter une touche moderne et \u00e9l\u00e9gante \u00e0 votre environnement.<\/p>\n<p><\/span><\/p><\/div><style>.ld_spacer_69e3852e40f37{height:43px;}<\/style>\n<div class=\"ld-empty-space ld_spacer_69e3852e40f37\"><span class=\"liquid_empty_space_inner\"><\/span><\/div><style>.vc_accordion_69e3852e41128 .accordion-title{font-size:15px;font-weight:500;letter-spacing:0.2em;}<\/style><div class=\"accordion accordion-xs accordion-title-underlined vc_accordion_69e3852e41128\" id=\"vc_accordion_69e3852e41128\" role=\"tablist\" aria-multiselectable=\"true\">\n\n\t<div class=\"accordion-item panel  \">\n\n\t\t<div class=\"accordion-heading\" role=\"tab\" id=\"heading_1528963630592-47c7b540-a15b\">\n\t\t\t<h4 class=\"accordion-title\">\n\t\t\t\t<a class=\"collapsed\" data-toggle=\"collapse\" data-parent=\"#vc_accordion_69e3852e41128\" href=\"#1528963630592-47c7b540-a15b\" aria-expanded=\"false\" aria-controls=\"1528963630592-47c7b540-a15b\">\n\t\t\t\t\t\n\t\t\t\t\t\n\t\t\t\t\tD\u00e9poli pour l'intimit\u00e9\n\t\t\t\t\t\n\t\t\t\t<\/a>\n\t\t\t\t\n\t\t\t<\/h4>\n\t\t<\/div>\n\n\t\t<div id=\"1528963630592-47c7b540-a15b\" class=\"accordion-collapse collapse\" role=\"tabpanel\" aria-labelledby=\"heading_1528963630592-47c7b540-a15b\">\n\t\t\t<div class=\"accordion-content\">\n\t\t\t<p>[vc_row_inner css=\u00a0\u00bb.vc_custom_1747641897653{padding-top: -20px !important;}\u00a0\u00bb][vc_column_inner width=\u00a0\u00bb11\/12&Prime; offset=\u00a0\u00bbvc_col-md-12&Prime;][vc_column_text css=\u00a0\u00bb\u00a0\u00bb]<\/p>\n<p data-start=\"1028\" data-end=\"1379\">Id\u00e9ale pour les environnements professionnels ou priv\u00e9s o\u00f9 la confidentialit\u00e9 est essentielle, cette solution permet de s\u00e9parer les espaces sans cr\u00e9er d\u2019obstruction visuelle. Utilis\u00e9e pour les portes vitr\u00e9es, les parois de bureau ou les fen\u00eatres de salle de r\u00e9union, elle offre une protection discr\u00e8te tout en pr\u00e9servant l\u2019aspect lumineux des lieux.<\/p>\n<h4 data-start=\"1381\" data-end=\"1423\"><\/h4>\n<p>[\/vc_column_text][\/vc_column_inner][\/vc_row_inner]<\/p>\n\t\t\t<\/div>\n\t\t<\/div>\n\t<\/div>\n\t<div class=\"accordion-item panel  \">\n\n\t\t<div class=\"accordion-heading\" role=\"tab\" id=\"heading_ld-1528965005956-9b9fe76c-8364\">\n\t\t\t<h4 class=\"accordion-title\">\n\t\t\t\t<a class=\"collapsed\" data-toggle=\"collapse\" data-parent=\"#vc_accordion_69e3852e41128\" href=\"#ld-1528965005956-9b9fe76c-8364\" aria-expanded=\"false\" aria-controls=\"ld-1528965005956-9b9fe76c-8364\">\n\t\t\t\t\t\n\t\t\t\t\t\n\t\t\t\t\tD\u00e9poli d\u00e9corative\n\t\t\t\t\t\n\t\t\t\t<\/a>\n\t\t\t\t\n\t\t\t<\/h4>\n\t\t<\/div>\n\n\t\t<div id=\"ld-1528965005956-9b9fe76c-8364\" class=\"accordion-collapse collapse\" role=\"tabpanel\" aria-labelledby=\"heading_ld-1528965005956-9b9fe76c-8364\">\n\t\t\t<div class=\"accordion-content\">\n\t\t\t<p>[vc_row_inner css=\u00a0\u00bb.vc_custom_1528964908409{padding-top: 15px !important;}\u00a0\u00bb][vc_column_inner offset=\u00a0\u00bbvc_col-md-12&Prime;][vc_column_text css=\u00a0\u00bb\u00a0\u00bb]<\/p>\n<p data-start=\"1424\" data-end=\"1809\">Au-del\u00e0 de sa fonction de confidentialit\u00e9, la vitrophanie d\u00e9poli peut \u00eatre personnalis\u00e9e avec des motifs, logos ou \u00e9l\u00e9ments graphiques. Parfaite pour habiller des vitrages tout en apportant une touche de design, elle s\u2019adapte \u00e0 tout type d\u2019environnement : bureaux modernes, showrooms, salons d&rsquo;accueil ou m\u00eame chez les particuliers pour d\u00e9corer des fen\u00eatres ou s\u00e9parations int\u00e9rieures.<\/p>\n<p>[\/vc_column_text][\/vc_column_inner][\/vc_row_inner]<\/p>\n\t\t\t<\/div>\n\t\t<\/div>\n\t<\/div>\n<\/div>[\/vc_column][\/vc_row]<\/p>\n<\/div>","protected":false},"excerpt":{"rendered":"<p>[vc_row content_placement=\u00a0\u00bbmiddle\u00a0\u00bb css=\u00a0\u00bb.vc_custom_1542639509824{padding-top: 75px !important;padding-bottom: 75px !important;}\u00a0\u00bb el_id=\u00a0\u00bbservices\u00a0\u00bb][vc_column offset=\u00a0\u00bbvc_col-md-6&Prime;][\/vc_column][vc_column parallax=\u00a0\u00bbyes\u00a0\u00bb scale_from_x=\u00a0\u00bb1&Prime; scale_from_y=\u00a0\u00bb1&Prime; scale_from_z=\u00a0\u00bb1&Prime; from_opacity=\u00a0\u00bb1&Prime; scale_to_x=\u00a0\u00bb1&Prime;&#8230;<\/p>\n","protected":false},"author":1,"featured_media":0,"parent":0,"menu_order":0,"comment_status":"closed","ping_status":"closed","template":"","meta":{"footnotes":""},"class_list":["post-4449","page","type-page","status-publish","hentry"],"_links":{"self":[{"href":"https:\/\/www.trabulo.com\/index.php\/wp-json\/wp\/v2\/pages\/4449","targetHints":{"allow":["GET"]}}],"collection":[{"href":"https:\/\/www.trabulo.com\/index.php\/wp-json\/wp\/v2\/pages"}],"about":[{"href":"https:\/\/www.trabulo.com\/index.php\/wp-json\/wp\/v2\/types\/page"}],"author":[{"embeddable":true,"href":"https:\/\/www.trabulo.com\/index.php\/wp-json\/wp\/v2\/users\/1"}],"replies":[{"embeddable":true,"href":"https:\/\/www.trabulo.com\/index.php\/wp-json\/wp\/v2\/comments?post=4449"}],"version-history":[{"count":1,"href":"https:\/\/www.trabulo.com\/index.php\/wp-json\/wp\/v2\/pages\/4449\/revisions"}],"predecessor-version":[{"id":4450,"href":"https:\/\/www.trabulo.com\/index.php\/wp-json\/wp\/v2\/pages\/4449\/revisions\/4450"}],"wp:attachment":[{"href":"https:\/\/www.trabulo.com\/index.php\/wp-json\/wp\/v2\/media?parent=4449"}],"curies":[{"name":"wp","href":"https:\/\/api.w.org\/{rel}","templated":true}]}}