{"id":4454,"date":"2025-05-19T10:57:02","date_gmt":"2025-05-19T08:57:02","guid":{"rendered":"https:\/\/www.trabulo.com\/Trabulowp\/?page_id=4454"},"modified":"2025-05-19T10:57:02","modified_gmt":"2025-05-19T08:57:02","slug":"film-solaires","status":"publish","type":"page","link":"https:\/\/www.trabulo.com\/index.php\/film-solaires\/","title":{"rendered":"Film solaires"},"content":{"rendered":"<div class=\"wpb-content-wrapper\"><p>[vc_row content_placement=\u00a0\u00bbmiddle\u00a0\u00bb css=\u00a0\u00bb.vc_custom_1542639509824{padding-top: 75px !important;padding-bottom: 75px !important;}\u00a0\u00bb el_id=\u00a0\u00bbservices\u00a0\u00bb][vc_column offset=\u00a0\u00bbvc_col-md-6&Prime;]<div id=\"ld_images_group_container_69e3760472a8c\" class=\"liquid-img-group-container ld_images_group_container_69e3760472a8c\"  >\n\t<div class=\"liquid-img-group-inner\">\n\t\t<div id=\"ld_images_group_element_69e3760472cc7\" class=\"liquid-img-group-single ld_images_group_element_69e3760472cc7\" data-reveal=\"true\" data-reveal-options='{\"direction\":\"rl\",\"bgcolor\":\"rgb(23, 37, 49)\",\"delay\":\"\"}'>\n\t\n\t\t\n\t<div class=\"liquid-img-group-img-container\">\n\t\t\n\t\t\n\t\t\t\t\n\t\t\t\t<div class=\"liquid-img-container-inner\" >\n\t\t\t<figure ><img loading=\"lazy\" decoding=\"async\" width=\"1200\" height=\"1200\" src=\"data:image\/svg+xml;charset=utf-8,&lt;svg xmlns%3D&#039;http%3A%2F%2Fwww.w3.org%2F2000%2Fsvg&#039; viewBox%3D&#039;0 0 1200 1200&#039;%2F&gt;\" class=\"attachment-full size-full ld-lazyload\" alt=\"\" srcset=\"\" sizes=\"auto, (max-width: 1200px) 100vw, 1200px\" data-src=\"https:\/\/www.trabulo.com\/wp-content\/uploads\/2025\/05\/film-adhesif-protection-solaire-SRBLUE20X.png\" data-srcset=\"https:\/\/www.trabulo.com\/wp-content\/uploads\/2025\/05\/film-adhesif-protection-solaire-SRBLUE20X.png 1200w, https:\/\/www.trabulo.com\/wp-content\/uploads\/2025\/05\/film-adhesif-protection-solaire-SRBLUE20X-300x300.png 300w, https:\/\/www.trabulo.com\/wp-content\/uploads\/2025\/05\/film-adhesif-protection-solaire-SRBLUE20X-1024x1024.png 1024w, https:\/\/www.trabulo.com\/wp-content\/uploads\/2025\/05\/film-adhesif-protection-solaire-SRBLUE20X-150x150.png 150w\" data-aspect=\"1\" \/><\/figure>\t\t\t\t\t<\/div><!-- \/.liquid-img-container-inner -->\n\t\t\n\t<\/div><!-- \/.liquid-img-group-content -->\n<\/div><!-- \/.liquid-img-group-single -->\n\t\n\t<\/div><!-- \/.liquid-img-group-inner -->\n<\/div><!-- \/.liquid-img-group-container -->[\/vc_column][vc_column parallax=\u00a0\u00bbyes\u00a0\u00bb scale_from_x=\u00a0\u00bb1&Prime; scale_from_y=\u00a0\u00bb1&Prime; scale_from_z=\u00a0\u00bb1&Prime; from_opacity=\u00a0\u00bb1&Prime; scale_to_x=\u00a0\u00bb1&Prime; scale_to_y=\u00a0\u00bb1&Prime; scale_to_z=\u00a0\u00bb1&Prime; to_opacity=\u00a0\u00bb1&Prime; enable_content_animation=\u00a0\u00bbyes\u00a0\u00bb ca_init_scale_x=\u00a0\u00bb1&Prime; ca_init_scale_y=\u00a0\u00bb1&Prime; ca_init_scale_z=\u00a0\u00bb1&Prime; ca_init_opacity=\u00a0\u00bb0&Prime; ca_an_scale_x=\u00a0\u00bb1&Prime; ca_an_scale_y=\u00a0\u00bb1&Prime; ca_an_scale_z=\u00a0\u00bb1&Prime; ca_an_opacity=\u00a0\u00bb1&Prime; offset=\u00a0\u00bbvc_col-md-offset-1 vc_col-md-5&Prime; ca_init_translate_y=\u00a0\u00bb39&Prime; translate_from_y=\u00a0\u00bb-58&Prime; translate_to_y=\u00a0\u00bb59&Prime;]<style>.ld_fancy_heading_69e3760475a76 h2 {margin-bottom:0px !important;  } .ld_fancy_heading_69e3760475a76 .lqd-highlight-inner{height:0.275em;bottom:0px;}.ld_fancy_heading_69e3760475a76 h2 {margin-bottom:0px !important;  } <\/style><div class=\"ld-fancy-heading text-uppercase ld_fancy_heading_69e3760475a76\">\n\t<h2 class=\"lqd-highlight-underline lqd-highlight-grow-left\" data-fittext=\"true\" data-fittext-options='{\"compressor\":0.5,\"maxFontSize\":\"currentFontSize\",\"minFontSize\":\"\"}'><span class=\"ld-fh-txt\"> Film solaires<\/span><\/h2><\/div><style>.ld_spacer_69e3760475cd5{height:15px;}<\/style>\n<div class=\"ld-empty-space ld_spacer_69e3760475cd5\"><span class=\"liquid_empty_space_inner\"><\/span><\/div><style>.ld_fancy_heading_69e3760475e97 h6{font-size:12px;letter-spacing:0.2em;color:rgb(63, 65, 71);}.ld_fancy_heading_69e3760475e97 h6 {margin-top:0px !important;  } .ld_fancy_heading_69e3760475e97 .lqd-highlight-inner{height:0.275em;bottom:0px;}.ld_fancy_heading_69e3760475e97 h6 {margin-top:0px !important;  } <\/style><div class=\"ld-fancy-heading text-uppercase ld_fancy_heading_69e3760475e97\">\n\t<h6 class=\"lqd-highlight-underline lqd-highlight-grow-left\" ><span class=\"ld-fh-txt\"> <\/p>\n<p data-start=\"164\" data-end=\"397\">Prot\u00e9gez vos espaces tout en r\u00e9duisant l\u2019\u00e9blouissement et la chaleur avec nos <strong data-start=\"242\" data-end=\"260\">films solaires<\/strong>. Id\u00e9als pour les vitrages expos\u00e9s au soleil, ils offrent une protection contre les UV tout en am\u00e9liorant le confort thermique et visuel.<\/p>\n<p><\/span><\/h6><\/div><style>.ld_spacer_69e3760475ff3{height:28px;}<\/style>\n<div class=\"ld-empty-space ld_spacer_69e3760475ff3\"><span class=\"liquid_empty_space_inner\"><\/span><\/div><style>.ld_fancy_heading_69e37604760d1 .lqd-highlight-inner{height:0.275em;bottom:0px;}<\/style><div class=\"ld-fancy-heading ld_fancy_heading_69e37604760d1\">\n\t<p class=\"lqd-highlight-underline lqd-highlight-grow-left\" ><span class=\"ld-fh-txt\"> Le <strong data-start=\"461\" data-end=\"477\">film solaire<\/strong> est une solution efficace pour optimiser le confort dans vos espaces vitr\u00e9s tout en pr\u00e9servant la luminosit\u00e9 naturelle. Ce film adh\u00e9sif, appliqu\u00e9 sur vos vitrages, r\u00e9duit l\u2019entr\u00e9e de chaleur et l\u2019\u00e9blouissement tout en prot\u00e9geant vos int\u00e9rieurs des rayons UV.<\/span><\/p><\/div><style>.ld_spacer_69e37604761c6{height:43px;}<\/style>\n<div class=\"ld-empty-space ld_spacer_69e37604761c6\"><span class=\"liquid_empty_space_inner\"><\/span><\/div><style>.vc_accordion_69e3760476337 .accordion-title{font-size:15px;font-weight:500;letter-spacing:0.2em;}<\/style><div class=\"accordion accordion-xs accordion-title-underlined vc_accordion_69e3760476337\" id=\"vc_accordion_69e3760476337\" role=\"tablist\" aria-multiselectable=\"true\">\n\n\t<div class=\"accordion-item panel  \">\n\n\t\t<div class=\"accordion-heading\" role=\"tab\" id=\"heading_1528963630592-47c7b540-a15b\">\n\t\t\t<h4 class=\"accordion-title\">\n\t\t\t\t<a class=\"collapsed\" data-toggle=\"collapse\" data-parent=\"#vc_accordion_69e3760476337\" href=\"#1528963630592-47c7b540-a15b\" aria-expanded=\"false\" aria-controls=\"1528963630592-47c7b540-a15b\">\n\t\t\t\t\t\n\t\t\t\t\t\n\t\t\t\t\tConfort thermique et UV\n\t\t\t\t\t\n\t\t\t\t<\/a>\n\t\t\t\t\n\t\t\t<\/h4>\n\t\t<\/div>\n\n\t\t<div id=\"1528963630592-47c7b540-a15b\" class=\"accordion-collapse collapse\" role=\"tabpanel\" aria-labelledby=\"heading_1528963630592-47c7b540-a15b\">\n\t\t\t<div class=\"accordion-content\">\n\t\t\t<p>[vc_row_inner css=\u00a0\u00bb.vc_custom_1747641897653{padding-top: -20px !important;}\u00a0\u00bb][vc_column_inner width=\u00a0\u00bb11\/12&Prime; offset=\u00a0\u00bbvc_col-md-12&Prime;][vc_column_text css=\u00a0\u00bb\u00a0\u00bb]<\/p>\n<p data-start=\"60\" data-end=\"244\">Id\u00e9al pour les espaces soumis \u00e0 une exposition prolong\u00e9e au soleil, ce film r\u00e9duit l&rsquo;absorption de chaleur, vous permettant de maintenir une temp\u00e9rature agr\u00e9able tout au long de l&rsquo;ann\u00e9e. Il bloque efficacement les rayons UV, prot\u00e9geant ainsi vos meubles et \u00e9quipements des effets du soleil tout en maintenant une luminosit\u00e9 optimale \u00e0 l&rsquo;int\u00e9rieur.<\/p>\n<p>[\/vc_column_text][\/vc_column_inner][\/vc_row_inner]<\/p>\n\t\t\t<\/div>\n\t\t<\/div>\n\t<\/div>\n\t<div class=\"accordion-item panel  \">\n\n\t\t<div class=\"accordion-heading\" role=\"tab\" id=\"heading_ld-1528965005956-9b9fe76c-8364\">\n\t\t\t<h4 class=\"accordion-title\">\n\t\t\t\t<a class=\"collapsed\" data-toggle=\"collapse\" data-parent=\"#vc_accordion_69e3760476337\" href=\"#ld-1528965005956-9b9fe76c-8364\" aria-expanded=\"false\" aria-controls=\"ld-1528965005956-9b9fe76c-8364\">\n\t\t\t\t\t\n\t\t\t\t\t\n\t\t\t\t\tConfidentialit\u00e9 et s\u00e9curit\u00e9\n\t\t\t\t\t\n\t\t\t\t<\/a>\n\t\t\t\t\n\t\t\t<\/h4>\n\t\t<\/div>\n\n\t\t<div id=\"ld-1528965005956-9b9fe76c-8364\" class=\"accordion-collapse collapse\" role=\"tabpanel\" aria-labelledby=\"heading_ld-1528965005956-9b9fe76c-8364\">\n\t\t\t<div class=\"accordion-content\">\n\t\t\t<p>[vc_row_inner css=\u00a0\u00bb.vc_custom_1528964908409{padding-top: 15px !important;}\u00a0\u00bb][vc_column_inner offset=\u00a0\u00bbvc_col-md-12&Prime;][vc_column_text css=\u00a0\u00bb\u00a0\u00bb]En plus de ses avantages thermiques, le film solaire offre un niveau de confidentialit\u00e9 renforc\u00e9. Il permet de r\u00e9duire la visibilit\u00e9 depuis l\u2019ext\u00e9rieur sans sacrifier la lumi\u00e8re naturelle. Id\u00e9al pour les bureaux, salles de r\u00e9union ou vitrines de commerces o\u00f9 vous souhaitez \u00e0 la fois pr\u00e9server la confidentialit\u00e9 et cr\u00e9er une ambiance confortable et prot\u00e9g\u00e9e.[\/vc_column_text][\/vc_column_inner][\/vc_row_inner]<\/p>\n\t\t\t<\/div>\n\t\t<\/div>\n\t<\/div>\n<\/div>[\/vc_column][\/vc_row]<\/p>\n<\/div>","protected":false},"excerpt":{"rendered":"<p>[vc_row content_placement=\u00a0\u00bbmiddle\u00a0\u00bb css=\u00a0\u00bb.vc_custom_1542639509824{padding-top: 75px !important;padding-bottom: 75px !important;}\u00a0\u00bb el_id=\u00a0\u00bbservices\u00a0\u00bb][vc_column offset=\u00a0\u00bbvc_col-md-6&Prime;][\/vc_column][vc_column parallax=\u00a0\u00bbyes\u00a0\u00bb scale_from_x=\u00a0\u00bb1&Prime; scale_from_y=\u00a0\u00bb1&Prime; scale_from_z=\u00a0\u00bb1&Prime; from_opacity=\u00a0\u00bb1&Prime; scale_to_x=\u00a0\u00bb1&Prime;&#8230;<\/p>\n","protected":false},"author":1,"featured_media":0,"parent":0,"menu_order":0,"comment_status":"closed","ping_status":"closed","template":"","meta":{"footnotes":""},"class_list":["post-4454","page","type-page","status-publish","hentry"],"_links":{"self":[{"href":"https:\/\/www.trabulo.com\/index.php\/wp-json\/wp\/v2\/pages\/4454","targetHints":{"allow":["GET"]}}],"collection":[{"href":"https:\/\/www.trabulo.com\/index.php\/wp-json\/wp\/v2\/pages"}],"about":[{"href":"https:\/\/www.trabulo.com\/index.php\/wp-json\/wp\/v2\/types\/page"}],"author":[{"embeddable":true,"href":"https:\/\/www.trabulo.com\/index.php\/wp-json\/wp\/v2\/users\/1"}],"replies":[{"embeddable":true,"href":"https:\/\/www.trabulo.com\/index.php\/wp-json\/wp\/v2\/comments?post=4454"}],"version-history":[{"count":1,"href":"https:\/\/www.trabulo.com\/index.php\/wp-json\/wp\/v2\/pages\/4454\/revisions"}],"predecessor-version":[{"id":4455,"href":"https:\/\/www.trabulo.com\/index.php\/wp-json\/wp\/v2\/pages\/4454\/revisions\/4455"}],"wp:attachment":[{"href":"https:\/\/www.trabulo.com\/index.php\/wp-json\/wp\/v2\/media?parent=4454"}],"curies":[{"name":"wp","href":"https:\/\/api.w.org\/{rel}","templated":true}]}}