{"id":4456,"date":"2025-05-19T10:59:11","date_gmt":"2025-05-19T08:59:11","guid":{"rendered":"https:\/\/www.trabulo.com\/Trabulowp\/?page_id=4456"},"modified":"2025-05-19T10:59:28","modified_gmt":"2025-05-19T08:59:28","slug":"film-anti-graffiti","status":"publish","type":"page","link":"https:\/\/www.trabulo.com\/index.php\/film-anti-graffiti\/","title":{"rendered":"Film Anti-graffiti"},"content":{"rendered":"<div class=\"wpb-content-wrapper\"><p>[vc_row content_placement=\u00a0\u00bbmiddle\u00a0\u00bb css=\u00a0\u00bb.vc_custom_1542639509824{padding-top: 75px !important;padding-bottom: 75px !important;}\u00a0\u00bb el_id=\u00a0\u00bbservices\u00a0\u00bb][vc_column offset=\u00a0\u00bbvc_col-md-6&Prime;]<div id=\"ld_images_group_container_69e376847477d\" class=\"liquid-img-group-container ld_images_group_container_69e376847477d\"  >\n\t<div class=\"liquid-img-group-inner\">\n\t\t<div id=\"ld_images_group_element_69e376847495f\" class=\"liquid-img-group-single ld_images_group_element_69e376847495f\" data-reveal=\"true\" data-reveal-options='{\"direction\":\"rl\",\"bgcolor\":\"rgb(23, 37, 49)\",\"delay\":\"\"}'>\n\t\n\t\t\n\t<div class=\"liquid-img-group-img-container\">\n\t\t\n\t\t\n\t\t\t\t\n\t\t\t\t<div class=\"liquid-img-container-inner\" >\n\t\t\t<figure ><img loading=\"lazy\" decoding=\"async\" width=\"1255\" height=\"941\" src=\"data:image\/svg+xml;charset=utf-8,&lt;svg xmlns%3D&#039;http%3A%2F%2Fwww.w3.org%2F2000%2Fsvg&#039; viewBox%3D&#039;0 0 1255 941&#039;%2F&gt;\" class=\"attachment-full size-full ld-lazyload\" alt=\"\" srcset=\"\" sizes=\"auto, (max-width: 1255px) 100vw, 1255px\" data-src=\"https:\/\/www.trabulo.com\/wp-content\/uploads\/2025\/05\/film-anti-graffiti-luminis-films-graf-750x-1255-941.jpg\" data-srcset=\"https:\/\/www.trabulo.com\/wp-content\/uploads\/2025\/05\/film-anti-graffiti-luminis-films-graf-750x-1255-941.jpg 1255w, https:\/\/www.trabulo.com\/wp-content\/uploads\/2025\/05\/film-anti-graffiti-luminis-films-graf-750x-1255-941-300x225.jpg 300w, https:\/\/www.trabulo.com\/wp-content\/uploads\/2025\/05\/film-anti-graffiti-luminis-films-graf-750x-1255-941-1024x768.jpg 1024w\" data-aspect=\"1.3336875664187\" \/><\/figure>\t\t\t\t\t<\/div><!-- \/.liquid-img-container-inner -->\n\t\t\n\t<\/div><!-- \/.liquid-img-group-content -->\n<\/div><!-- \/.liquid-img-group-single -->\n\t\n\t<\/div><!-- \/.liquid-img-group-inner -->\n<\/div><!-- \/.liquid-img-group-container -->[\/vc_column][vc_column parallax=\u00a0\u00bbyes\u00a0\u00bb scale_from_x=\u00a0\u00bb1&Prime; scale_from_y=\u00a0\u00bb1&Prime; scale_from_z=\u00a0\u00bb1&Prime; from_opacity=\u00a0\u00bb1&Prime; scale_to_x=\u00a0\u00bb1&Prime; scale_to_y=\u00a0\u00bb1&Prime; scale_to_z=\u00a0\u00bb1&Prime; to_opacity=\u00a0\u00bb1&Prime; enable_content_animation=\u00a0\u00bbyes\u00a0\u00bb ca_init_scale_x=\u00a0\u00bb1&Prime; ca_init_scale_y=\u00a0\u00bb1&Prime; ca_init_scale_z=\u00a0\u00bb1&Prime; ca_init_opacity=\u00a0\u00bb0&Prime; ca_an_scale_x=\u00a0\u00bb1&Prime; ca_an_scale_y=\u00a0\u00bb1&Prime; ca_an_scale_z=\u00a0\u00bb1&Prime; ca_an_opacity=\u00a0\u00bb1&Prime; offset=\u00a0\u00bbvc_col-md-offset-1 vc_col-md-5&Prime; ca_init_translate_y=\u00a0\u00bb39&Prime; translate_from_y=\u00a0\u00bb-58&Prime; translate_to_y=\u00a0\u00bb59&Prime;]<style>.ld_fancy_heading_69e3768476be3 h2 {margin-bottom:0px !important;  } .ld_fancy_heading_69e3768476be3 .lqd-highlight-inner{height:0.275em;bottom:0px;}.ld_fancy_heading_69e3768476be3 h2 {margin-bottom:0px !important;  } <\/style><div class=\"ld-fancy-heading text-uppercase ld_fancy_heading_69e3768476be3\">\n\t<h2 class=\"lqd-highlight-underline lqd-highlight-grow-left\" data-fittext=\"true\" data-fittext-options='{\"compressor\":0.5,\"maxFontSize\":\"currentFontSize\",\"minFontSize\":\"\"}'><span class=\"ld-fh-txt\"> Film Anti-graffiti<\/span><\/h2><\/div><style>.ld_spacer_69e3768476eb4{height:15px;}<\/style>\n<div class=\"ld-empty-space ld_spacer_69e3768476eb4\"><span class=\"liquid_empty_space_inner\"><\/span><\/div><style>.ld_fancy_heading_69e37684770cd h6{font-size:12px;letter-spacing:0.2em;color:rgb(63, 65, 71);}.ld_fancy_heading_69e37684770cd h6 {margin-top:0px !important;  } .ld_fancy_heading_69e37684770cd .lqd-highlight-inner{height:0.275em;bottom:0px;}.ld_fancy_heading_69e37684770cd h6 {margin-top:0px !important;  } <\/style><div class=\"ld-fancy-heading text-uppercase ld_fancy_heading_69e37684770cd\">\n\t<h6 class=\"lqd-highlight-underline lqd-highlight-grow-left\" ><span class=\"ld-fh-txt\"> <\/p>\n<p data-start=\"1975\" data-end=\"2222\">Prot\u00e9gez vos surfaces vitr\u00e9es des d\u00e9gradations avec nos <strong data-start=\"2031\" data-end=\"2054\">films anti-graffiti<\/strong>. R\u00e9sistants et faciles \u00e0 remplacer, ces films \u00e9vitent les dommages dus aux graffitis, tags et autres actes de vandalisme, tout en pr\u00e9servant la clart\u00e9 de vos vitrages.<\/p>\n<p><\/span><\/h6><\/div><style>.ld_spacer_69e376847725b{height:28px;}<\/style>\n<div class=\"ld-empty-space ld_spacer_69e376847725b\"><span class=\"liquid_empty_space_inner\"><\/span><\/div><style>.ld_fancy_heading_69e3768477356 .lqd-highlight-inner{height:0.275em;bottom:0px;}<\/style><div class=\"ld-fancy-heading ld_fancy_heading_69e3768477356\">\n\t<p class=\"lqd-highlight-underline lqd-highlight-grow-left\" ><span class=\"ld-fh-txt\"> <\/p>\n<p data-start=\"2289\" data-end=\"2600\">Le <strong data-start=\"2292\" data-end=\"2314\">film anti-graffiti<\/strong> est une solution de protection id\u00e9ale pour vos vitrages contre les d\u00e9gradations caus\u00e9es par les graffitis, tags et autres marques ind\u00e9sirables. Facile \u00e0 appliquer, ce film transparent prot\u00e8ge efficacement vos surfaces vitr\u00e9es tout en \u00e9tant facile \u00e0 remplacer lorsqu\u2019il est endommag\u00e9.<\/p>\n<p data-start=\"2602\" data-end=\"2956\">Il est parfait pour les vitrines de magasins, les fa\u00e7ades de b\u00e2timents ou les espaces publics expos\u00e9s aux risques de vandalisme. En plus de pr\u00e9server vos vitrages, le film anti-graffiti facilite le nettoyage en emp\u00eachant l\u2019encrassement de la surface en dessous. Vous r\u00e9duisez ainsi les co\u00fbts de maintenance tout en gardant un aspect visuel irr\u00e9prochable.<\/p>\n<p><\/span><\/p><\/div><style>.ld_spacer_69e3768477497{height:43px;}<\/style>\n<div class=\"ld-empty-space ld_spacer_69e3768477497\"><span class=\"liquid_empty_space_inner\"><\/span><\/div><style>.vc_accordion_69e3768477641 .accordion-title{font-size:15px;font-weight:500;letter-spacing:0.2em;}<\/style><div class=\"accordion accordion-xs accordion-title-underlined vc_accordion_69e3768477641\" id=\"vc_accordion_69e3768477641\" role=\"tablist\" aria-multiselectable=\"true\">\n\n\t<div class=\"accordion-item panel  \">\n\n\t\t<div class=\"accordion-heading\" role=\"tab\" id=\"heading_1528963630592-47c7b540-a15b\">\n\t\t\t<h4 class=\"accordion-title\">\n\t\t\t\t<a class=\"collapsed\" data-toggle=\"collapse\" data-parent=\"#vc_accordion_69e3768477641\" href=\"#1528963630592-47c7b540-a15b\" aria-expanded=\"false\" aria-controls=\"1528963630592-47c7b540-a15b\">\n\t\t\t\t\t\n\t\t\t\t\t\n\t\t\t\t\tVitrines et fa\u00e7ades\n\t\t\t\t\t\n\t\t\t\t<\/a>\n\t\t\t\t\n\t\t\t<\/h4>\n\t\t<\/div>\n\n\t\t<div id=\"1528963630592-47c7b540-a15b\" class=\"accordion-collapse collapse\" role=\"tabpanel\" aria-labelledby=\"heading_1528963630592-47c7b540-a15b\">\n\t\t\t<div class=\"accordion-content\">\n\t\t\t<p>[vc_row_inner css=\u00a0\u00bb.vc_custom_1747641897653{padding-top: -20px !important;}\u00a0\u00bb][vc_column_inner width=\u00a0\u00bb11\/12&Prime; offset=\u00a0\u00bbvc_col-md-12&Prime;][vc_column_text css=\u00a0\u00bb\u00a0\u00bb]<\/p>\n<p data-start=\"60\" data-end=\"244\">Prot\u00e9gez vos vitrines commerciales, mus\u00e9es, b\u00e2timents publics ou tout espace sensible aux actes de vandalisme avec un film r\u00e9sistant aux graffitis. Ce film permet de pr\u00e9server l&rsquo;apparence des vitrages tout en vous offrant une solution de nettoyage simple et rapide.<\/p>\n<p>[\/vc_column_text][\/vc_column_inner][\/vc_row_inner]<\/p>\n\t\t\t<\/div>\n\t\t<\/div>\n\t<\/div>\n\t<div class=\"accordion-item panel  \">\n\n\t\t<div class=\"accordion-heading\" role=\"tab\" id=\"heading_ld-1528965005956-9b9fe76c-8364\">\n\t\t\t<h4 class=\"accordion-title\">\n\t\t\t\t<a class=\"collapsed\" data-toggle=\"collapse\" data-parent=\"#vc_accordion_69e3768477641\" href=\"#ld-1528965005956-9b9fe76c-8364\" aria-expanded=\"false\" aria-controls=\"ld-1528965005956-9b9fe76c-8364\">\n\t\t\t\t\t\n\t\t\t\t\t\n\t\t\t\t\tEspaces publics et priv\u00e9s\n\t\t\t\t\t\n\t\t\t\t<\/a>\n\t\t\t\t\n\t\t\t<\/h4>\n\t\t<\/div>\n\n\t\t<div id=\"ld-1528965005956-9b9fe76c-8364\" class=\"accordion-collapse collapse\" role=\"tabpanel\" aria-labelledby=\"heading_ld-1528965005956-9b9fe76c-8364\">\n\t\t\t<div class=\"accordion-content\">\n\t\t\t<p>[vc_row_inner css=\u00a0\u00bb.vc_custom_1528964908409{padding-top: 15px !important;}\u00a0\u00bb][vc_column_inner offset=\u00a0\u00bbvc_col-md-12&Prime;][vc_column_text css=\u00a0\u00bb\u00a0\u00bb]Appliquez le film anti-graffiti sur toutes sortes de surfaces vitr\u00e9es : porte, fen\u00eatres, panneaux d&rsquo;affichage, ou encore parois de verre dans des espaces publics comme les \u00e9coles, gares, centres commerciaux, etc. Une fois le film install\u00e9, il agit comme une barri\u00e8re efficace contre les graffitis tout en offrant une protection durable et discr\u00e8te.[\/vc_column_text][\/vc_column_inner][\/vc_row_inner]<\/p>\n\t\t\t<\/div>\n\t\t<\/div>\n\t<\/div>\n<\/div>[\/vc_column][\/vc_row]<\/p>\n<\/div>","protected":false},"excerpt":{"rendered":"<p>[vc_row content_placement=\u00a0\u00bbmiddle\u00a0\u00bb css=\u00a0\u00bb.vc_custom_1542639509824{padding-top: 75px !important;padding-bottom: 75px !important;}\u00a0\u00bb el_id=\u00a0\u00bbservices\u00a0\u00bb][vc_column offset=\u00a0\u00bbvc_col-md-6&Prime;][\/vc_column][vc_column parallax=\u00a0\u00bbyes\u00a0\u00bb scale_from_x=\u00a0\u00bb1&Prime; scale_from_y=\u00a0\u00bb1&Prime; scale_from_z=\u00a0\u00bb1&Prime; from_opacity=\u00a0\u00bb1&Prime; scale_to_x=\u00a0\u00bb1&Prime;&#8230;<\/p>\n","protected":false},"author":1,"featured_media":0,"parent":0,"menu_order":0,"comment_status":"closed","ping_status":"closed","template":"","meta":{"footnotes":""},"class_list":["post-4456","page","type-page","status-publish","hentry"],"_links":{"self":[{"href":"https:\/\/www.trabulo.com\/index.php\/wp-json\/wp\/v2\/pages\/4456","targetHints":{"allow":["GET"]}}],"collection":[{"href":"https:\/\/www.trabulo.com\/index.php\/wp-json\/wp\/v2\/pages"}],"about":[{"href":"https:\/\/www.trabulo.com\/index.php\/wp-json\/wp\/v2\/types\/page"}],"author":[{"embeddable":true,"href":"https:\/\/www.trabulo.com\/index.php\/wp-json\/wp\/v2\/users\/1"}],"replies":[{"embeddable":true,"href":"https:\/\/www.trabulo.com\/index.php\/wp-json\/wp\/v2\/comments?post=4456"}],"version-history":[{"count":1,"href":"https:\/\/www.trabulo.com\/index.php\/wp-json\/wp\/v2\/pages\/4456\/revisions"}],"predecessor-version":[{"id":4457,"href":"https:\/\/www.trabulo.com\/index.php\/wp-json\/wp\/v2\/pages\/4456\/revisions\/4457"}],"wp:attachment":[{"href":"https:\/\/www.trabulo.com\/index.php\/wp-json\/wp\/v2\/media?parent=4456"}],"curies":[{"name":"wp","href":"https:\/\/api.w.org\/{rel}","templated":true}]}}