{"id":4468,"date":"2025-05-19T11:44:24","date_gmt":"2025-05-19T09:44:24","guid":{"rendered":"https:\/\/www.trabulo.com\/Trabulowp\/?page_id=4468"},"modified":"2025-05-19T16:20:57","modified_gmt":"2025-05-19T14:20:57","slug":"signaletique-didentification","status":"publish","type":"page","link":"https:\/\/www.trabulo.com\/index.php\/signaletique-didentification\/","title":{"rendered":"Identification"},"content":{"rendered":"<div class=\"wpb-content-wrapper\"><p>[vc_row content_placement=\u00a0\u00bbmiddle\u00a0\u00bb css=\u00a0\u00bb.vc_custom_1542639509824{padding-top: 75px !important;padding-bottom: 75px !important;}\u00a0\u00bb el_id=\u00a0\u00bbservices\u00a0\u00bb][vc_column offset=\u00a0\u00bbvc_col-md-6&Prime;]<div id=\"ld_images_group_container_69e3731f0f010\" class=\"liquid-img-group-container ld_images_group_container_69e3731f0f010\"  >\n\t<div class=\"liquid-img-group-inner\">\n\t\t<div id=\"ld_images_group_element_69e3731f0f1fa\" class=\"liquid-img-group-single ld_images_group_element_69e3731f0f1fa\" data-reveal=\"true\" data-reveal-options='{\"direction\":\"rl\",\"bgcolor\":\"rgb(23, 37, 49)\",\"delay\":\"\"}'>\n\t\n\t\t\n\t<div class=\"liquid-img-group-img-container\">\n\t\t\n\t\t\n\t\t\t\t\n\t\t\t\t<div class=\"liquid-img-container-inner\" >\n\t\t\t<figure ><img loading=\"lazy\" decoding=\"async\" width=\"2560\" height=\"1920\" src=\"data:image\/svg+xml;charset=utf-8,&lt;svg xmlns%3D&#039;http%3A%2F%2Fwww.w3.org%2F2000%2Fsvg&#039; viewBox%3D&#039;0 0 2560 1920&#039;%2F&gt;\" class=\"attachment-full size-full ld-lazyload\" alt=\"\" srcset=\"\" sizes=\"auto, (max-width: 2560px) 100vw, 2560px\" data-src=\"https:\/\/www.trabulo.com\/wp-content\/uploads\/2025\/05\/IMG_7431-scaled.jpg\" data-srcset=\"https:\/\/www.trabulo.com\/wp-content\/uploads\/2025\/05\/IMG_7431-scaled.jpg 2560w, https:\/\/www.trabulo.com\/wp-content\/uploads\/2025\/05\/IMG_7431-300x225.jpg 300w, https:\/\/www.trabulo.com\/wp-content\/uploads\/2025\/05\/IMG_7431-1024x768.jpg 1024w\" data-aspect=\"1.3333333333333\" \/><\/figure>\t\t\t\t\t<\/div><!-- \/.liquid-img-container-inner -->\n\t\t\n\t<\/div><!-- \/.liquid-img-group-content -->\n<\/div><!-- \/.liquid-img-group-single -->\n\t\n\t<\/div><!-- \/.liquid-img-group-inner -->\n<\/div><!-- \/.liquid-img-group-container -->[\/vc_column][vc_column parallax=\u00a0\u00bbyes\u00a0\u00bb scale_from_x=\u00a0\u00bb1&Prime; scale_from_y=\u00a0\u00bb1&Prime; scale_from_z=\u00a0\u00bb1&Prime; from_opacity=\u00a0\u00bb1&Prime; scale_to_x=\u00a0\u00bb1&Prime; scale_to_y=\u00a0\u00bb1&Prime; scale_to_z=\u00a0\u00bb1&Prime; to_opacity=\u00a0\u00bb1&Prime; enable_content_animation=\u00a0\u00bbyes\u00a0\u00bb ca_init_scale_x=\u00a0\u00bb1&Prime; ca_init_scale_y=\u00a0\u00bb1&Prime; ca_init_scale_z=\u00a0\u00bb1&Prime; ca_init_opacity=\u00a0\u00bb0&Prime; ca_an_scale_x=\u00a0\u00bb1&Prime; ca_an_scale_y=\u00a0\u00bb1&Prime; ca_an_scale_z=\u00a0\u00bb1&Prime; ca_an_opacity=\u00a0\u00bb1&Prime; offset=\u00a0\u00bbvc_col-md-offset-1 vc_col-md-5&Prime; ca_init_translate_y=\u00a0\u00bb39&Prime; translate_from_y=\u00a0\u00bb-58&Prime; translate_to_y=\u00a0\u00bb59&Prime;]<style>.ld_fancy_heading_69e3731f11a33 h2 {margin-bottom:0px !important;  } .ld_fancy_heading_69e3731f11a33 .lqd-highlight-inner{height:0.275em;bottom:0px;}.ld_fancy_heading_69e3731f11a33 h2 {margin-bottom:0px !important;  } <\/style><div class=\"ld-fancy-heading text-uppercase ld_fancy_heading_69e3731f11a33\">\n\t<h2 class=\"lqd-highlight-underline lqd-highlight-grow-left\" data-fittext=\"true\" data-fittext-options='{\"compressor\":0.5,\"maxFontSize\":\"currentFontSize\",\"minFontSize\":\"\"}'><span class=\"ld-fh-txt\"> Signal\u00e9tique d\u2019identification<\/span><\/h2><\/div><style>.ld_spacer_69e3731f11b7c{height:15px;}<\/style>\n<div class=\"ld-empty-space ld_spacer_69e3731f11b7c\"><span class=\"liquid_empty_space_inner\"><\/span><\/div><style>.ld_fancy_heading_69e3731f11c59 h6{font-size:12px;letter-spacing:0.2em;color:rgb(63, 65, 71);}.ld_fancy_heading_69e3731f11c59 h6 {margin-top:0px !important;  } .ld_fancy_heading_69e3731f11c59 .lqd-highlight-inner{height:0.275em;bottom:0px;}.ld_fancy_heading_69e3731f11c59 h6 {margin-top:0px !important;  } <\/style><div class=\"ld-fancy-heading text-uppercase ld_fancy_heading_69e3731f11c59\">\n\t<h6 class=\"lqd-highlight-underline lqd-highlight-grow-left\" ><span class=\"ld-fh-txt\"> <\/p>\n<p data-start=\"1191\" data-end=\"1257\">Elle permet de nommer clairement un lieu, un bureau ou un service.<\/p>\n<p><\/span><\/h6><\/div><style>.ld_spacer_69e3731f11d58{height:28px;}<\/style>\n<div class=\"ld-empty-space ld_spacer_69e3731f11d58\"><span class=\"liquid_empty_space_inner\"><\/span><\/div><style>.ld_fancy_heading_69e3731f11df8 .lqd-highlight-inner{height:0.275em;bottom:0px;}<\/style><div class=\"ld-fancy-heading ld_fancy_heading_69e3731f11df8\">\n\t<p class=\"lqd-highlight-underline lqd-highlight-grow-left\" ><span class=\"ld-fh-txt\"> La signal\u00e9tique d\u2019identification sert \u00e0 indiquer l\u2019usage ou l\u2019identit\u00e9 d\u2019un espace : bureaux, salles, p\u00f4les de service ou collaborateurs. Elle apporte clart\u00e9, professionnalisme et coh\u00e9rence visuelle, et peut \u00eatre fix\u00e9e sur mur, porte ou support vertical.<\/span><\/p><\/div><style>.ld_spacer_69e3731f11eb0{height:43px;}<\/style>\n<div class=\"ld-empty-space ld_spacer_69e3731f11eb0\"><span class=\"liquid_empty_space_inner\"><\/span><\/div><style>.vc_accordion_69e3731f12068 .accordion-title{font-size:15px;font-weight:500;letter-spacing:0.2em;}<\/style><div class=\"accordion accordion-xs accordion-title-underlined vc_accordion_69e3731f12068\" id=\"vc_accordion_69e3731f12068\" role=\"tablist\" aria-multiselectable=\"true\">\n\n\t<div class=\"accordion-item panel  \">\n\n\t\t<div class=\"accordion-heading\" role=\"tab\" id=\"heading_1528963630592-47c7b540-a15b\">\n\t\t\t<h4 class=\"accordion-title\">\n\t\t\t\t<a class=\"collapsed\" data-toggle=\"collapse\" data-parent=\"#vc_accordion_69e3731f12068\" href=\"#1528963630592-47c7b540-a15b\" aria-expanded=\"false\" aria-controls=\"1528963630592-47c7b540-a15b\">\n\t\t\t\t\t\n\t\t\t\t\t\n\t\t\t\t\tAdh\u00e9sifs sol et muraux\n\t\t\t\t\t\n\t\t\t\t<\/a>\n\t\t\t\t\n\t\t\t<\/h4>\n\t\t<\/div>\n\n\t\t<div id=\"1528963630592-47c7b540-a15b\" class=\"accordion-collapse collapse\" role=\"tabpanel\" aria-labelledby=\"heading_1528963630592-47c7b540-a15b\">\n\t\t\t<div class=\"accordion-content\">\n\t\t\t<p>[vc_row_inner css=\u00a0\u00bb.vc_custom_1747641897653{padding-top: -20px !important;}\u00a0\u00bb][vc_column_inner width=\u00a0\u00bb11\/12&Prime; offset=\u00a0\u00bbvc_col-md-12&Prime;][vc_column_text css=\u00a0\u00bb\u00a0\u00bb]<\/p>\n<p data-start=\"60\" data-end=\"244\">Logos, num\u00e9rotation, pictogrammes, fl\u00e8ches ou marquages color\u00e9s appliqu\u00e9s directement sur le sol ou les murs<\/p>\n<p>[\/vc_column_text][\/vc_column_inner][\/vc_row_inner]<\/p>\n\t\t\t<\/div>\n\t\t<\/div>\n\t<\/div>\n\t<div class=\"accordion-item panel  \">\n\n\t\t<div class=\"accordion-heading\" role=\"tab\" id=\"heading_ld-1528965005956-9b9fe76c-8364\">\n\t\t\t<h4 class=\"accordion-title\">\n\t\t\t\t<a class=\"collapsed\" data-toggle=\"collapse\" data-parent=\"#vc_accordion_69e3731f12068\" href=\"#ld-1528965005956-9b9fe76c-8364\" aria-expanded=\"false\" aria-controls=\"ld-1528965005956-9b9fe76c-8364\">\n\t\t\t\t\t\n\t\t\t\t\t\n\t\t\t\t\tPlaques personnalis\u00e9es\n\t\t\t\t\t\n\t\t\t\t<\/a>\n\t\t\t\t\n\t\t\t<\/h4>\n\t\t<\/div>\n\n\t\t<div id=\"ld-1528965005956-9b9fe76c-8364\" class=\"accordion-collapse collapse\" role=\"tabpanel\" aria-labelledby=\"heading_ld-1528965005956-9b9fe76c-8364\">\n\t\t\t<div class=\"accordion-content\">\n\t\t\t<p>[vc_row_inner css=\u00a0\u00bb.vc_custom_1528964908409{padding-top: 15px !important;}\u00a0\u00bb][vc_column_inner offset=\u00a0\u00bbvc_col-md-12&Prime;][vc_column_text css=\u00a0\u00bb\u00a0\u00bb]Avec nom, fonction, num\u00e9ro ou logo. R\u00e9alis\u00e9es en plexiglas, aluminium ou PVC, elles s\u2019int\u00e8grent parfaitement aux environnements professionnels.[\/vc_column_text][\/vc_column_inner][\/vc_row_inner]<\/p>\n\t\t\t<\/div>\n\t\t<\/div>\n\t<\/div>\n<\/div>[\/vc_column][\/vc_row]<\/p>\n<\/div>","protected":false},"excerpt":{"rendered":"<p>[vc_row content_placement=\u00a0\u00bbmiddle\u00a0\u00bb css=\u00a0\u00bb.vc_custom_1542639509824{padding-top: 75px !important;padding-bottom: 75px !important;}\u00a0\u00bb el_id=\u00a0\u00bbservices\u00a0\u00bb][vc_column offset=\u00a0\u00bbvc_col-md-6&Prime;][\/vc_column][vc_column parallax=\u00a0\u00bbyes\u00a0\u00bb scale_from_x=\u00a0\u00bb1&Prime; scale_from_y=\u00a0\u00bb1&Prime; scale_from_z=\u00a0\u00bb1&Prime; from_opacity=\u00a0\u00bb1&Prime; scale_to_x=\u00a0\u00bb1&Prime;&#8230;<\/p>\n","protected":false},"author":1,"featured_media":0,"parent":0,"menu_order":0,"comment_status":"closed","ping_status":"closed","template":"","meta":{"footnotes":""},"class_list":["post-4468","page","type-page","status-publish","hentry"],"_links":{"self":[{"href":"https:\/\/www.trabulo.com\/index.php\/wp-json\/wp\/v2\/pages\/4468","targetHints":{"allow":["GET"]}}],"collection":[{"href":"https:\/\/www.trabulo.com\/index.php\/wp-json\/wp\/v2\/pages"}],"about":[{"href":"https:\/\/www.trabulo.com\/index.php\/wp-json\/wp\/v2\/types\/page"}],"author":[{"embeddable":true,"href":"https:\/\/www.trabulo.com\/index.php\/wp-json\/wp\/v2\/users\/1"}],"replies":[{"embeddable":true,"href":"https:\/\/www.trabulo.com\/index.php\/wp-json\/wp\/v2\/comments?post=4468"}],"version-history":[{"count":2,"href":"https:\/\/www.trabulo.com\/index.php\/wp-json\/wp\/v2\/pages\/4468\/revisions"}],"predecessor-version":[{"id":4565,"href":"https:\/\/www.trabulo.com\/index.php\/wp-json\/wp\/v2\/pages\/4468\/revisions\/4565"}],"wp:attachment":[{"href":"https:\/\/www.trabulo.com\/index.php\/wp-json\/wp\/v2\/media?parent=4468"}],"curies":[{"name":"wp","href":"https:\/\/api.w.org\/{rel}","templated":true}]}}