{"id":4483,"date":"2025-05-19T12:07:03","date_gmt":"2025-05-19T10:07:03","guid":{"rendered":"https:\/\/www.trabulo.com\/Trabulowp\/?page_id=4483"},"modified":"2025-05-19T12:07:24","modified_gmt":"2025-05-19T10:07:24","slug":"lifestyle-evenementiel","status":"publish","type":"page","link":"https:\/\/www.trabulo.com\/index.php\/lifestyle-evenementiel\/","title":{"rendered":"Lifestyle &#038; \u00e9v\u00e9nementiel"},"content":{"rendered":"<div class=\"wpb-content-wrapper\"><p>[vc_row content_placement=\u00a0\u00bbmiddle\u00a0\u00bb css=\u00a0\u00bb.vc_custom_1542639509824{padding-top: 75px !important;padding-bottom: 75px !important;}\u00a0\u00bb el_id=\u00a0\u00bbservices\u00a0\u00bb][vc_column offset=\u00a0\u00bbvc_col-md-6&Prime;]<div id=\"ld_images_group_container_69e3730f5d11a\" class=\"liquid-img-group-container ld_images_group_container_69e3730f5d11a\"  >\n\t<div class=\"liquid-img-group-inner\">\n\t\t<div id=\"ld_images_group_element_69e3730f5d233\" class=\"liquid-img-group-single ld_images_group_element_69e3730f5d233\" data-reveal=\"true\" data-reveal-options='{\"direction\":\"rl\",\"bgcolor\":\"rgb(23, 37, 49)\",\"delay\":\"\"}'>\n\t\n\t\t\n\t<div class=\"liquid-img-group-img-container\">\n\t\t\n\t\t\n\t\t\t\t\n\t\t\t\t<div class=\"liquid-img-container-inner\" >\n\t\t\t<figure ><img loading=\"lazy\" decoding=\"async\" width=\"800\" height=\"800\" src=\"data:image\/svg+xml;charset=utf-8,&lt;svg xmlns%3D&#039;http%3A%2F%2Fwww.w3.org%2F2000%2Fsvg&#039; viewBox%3D&#039;0 0 800 800&#039;%2F&gt;\" class=\"attachment-full size-full ld-lazyload\" alt=\"\" srcset=\"\" sizes=\"auto, (max-width: 800px) 100vw, 800px\" data-src=\"https:\/\/www.trabulo.com\/wp-content\/uploads\/2025\/05\/HOUSSE_BARRIERE_VAUBAN.jpg\" data-srcset=\"https:\/\/www.trabulo.com\/wp-content\/uploads\/2025\/05\/HOUSSE_BARRIERE_VAUBAN.jpg 800w, https:\/\/www.trabulo.com\/wp-content\/uploads\/2025\/05\/HOUSSE_BARRIERE_VAUBAN-300x300.jpg 300w, https:\/\/www.trabulo.com\/wp-content\/uploads\/2025\/05\/HOUSSE_BARRIERE_VAUBAN-150x150.jpg 150w\" data-aspect=\"1\" \/><\/figure>\t\t\t\t\t<\/div><!-- \/.liquid-img-container-inner -->\n\t\t\n\t<\/div><!-- \/.liquid-img-group-content -->\n<\/div><!-- \/.liquid-img-group-single -->\n\t\n\t<\/div><!-- \/.liquid-img-group-inner -->\n<\/div><!-- \/.liquid-img-group-container -->[\/vc_column][vc_column parallax=\u00a0\u00bbyes\u00a0\u00bb scale_from_x=\u00a0\u00bb1&Prime; scale_from_y=\u00a0\u00bb1&Prime; scale_from_z=\u00a0\u00bb1&Prime; from_opacity=\u00a0\u00bb1&Prime; scale_to_x=\u00a0\u00bb1&Prime; scale_to_y=\u00a0\u00bb1&Prime; scale_to_z=\u00a0\u00bb1&Prime; to_opacity=\u00a0\u00bb1&Prime; enable_content_animation=\u00a0\u00bbyes\u00a0\u00bb ca_init_scale_x=\u00a0\u00bb1&Prime; ca_init_scale_y=\u00a0\u00bb1&Prime; ca_init_scale_z=\u00a0\u00bb1&Prime; ca_init_opacity=\u00a0\u00bb0&Prime; ca_an_scale_x=\u00a0\u00bb1&Prime; ca_an_scale_y=\u00a0\u00bb1&Prime; ca_an_scale_z=\u00a0\u00bb1&Prime; ca_an_opacity=\u00a0\u00bb1&Prime; offset=\u00a0\u00bbvc_col-md-offset-1 vc_col-md-5&Prime; ca_init_translate_y=\u00a0\u00bb39&Prime; translate_from_y=\u00a0\u00bb-58&Prime; translate_to_y=\u00a0\u00bb59&Prime;]<style>.ld_fancy_heading_69e3730f5ef55 h2 {margin-bottom:0px !important;  } .ld_fancy_heading_69e3730f5ef55 .lqd-highlight-inner{height:0.275em;bottom:0px;}.ld_fancy_heading_69e3730f5ef55 h2 {margin-bottom:0px !important;  } <\/style><div class=\"ld-fancy-heading text-uppercase ld_fancy_heading_69e3730f5ef55\">\n\t<h2 class=\"lqd-highlight-underline lqd-highlight-grow-left\" data-fittext=\"true\" data-fittext-options='{\"compressor\":0.5,\"maxFontSize\":\"currentFontSize\",\"minFontSize\":\"\"}'><span class=\"ld-fh-txt\"> Lifestyle &amp; \u00e9v\u00e9nementiel<\/span><\/h2><\/div><style>.ld_spacer_69e3730f5f118{height:15px;}<\/style>\n<div class=\"ld-empty-space ld_spacer_69e3730f5f118\"><span class=\"liquid_empty_space_inner\"><\/span><\/div><style>.ld_fancy_heading_69e3730f5f201 h6{font-size:12px;letter-spacing:0.2em;color:rgb(63, 65, 71);}.ld_fancy_heading_69e3730f5f201 h6 {margin-top:0px !important;  } .ld_fancy_heading_69e3730f5f201 .lqd-highlight-inner{height:0.275em;bottom:0px;}.ld_fancy_heading_69e3730f5f201 h6 {margin-top:0px !important;  } <\/style><div class=\"ld-fancy-heading text-uppercase ld_fancy_heading_69e3730f5f201\">\n\t<h6 class=\"lqd-highlight-underline lqd-highlight-grow-left\" ><span class=\"ld-fh-txt\"> <\/p>\n<p data-start=\"2680\" data-end=\"2744\">Des objets funs et tendance pour les \u00e9v\u00e9nements ou le quotidien.<\/p>\n<h4 data-start=\"2746\" data-end=\"2774\"><\/h4>\n<p><\/span><\/h6><\/div><style>.ld_spacer_69e3730f5f346{height:28px;}<\/style>\n<div class=\"ld-empty-space ld_spacer_69e3730f5f346\"><span class=\"liquid_empty_space_inner\"><\/span><\/div><style>.ld_fancy_heading_69e3730f5f40a .lqd-highlight-inner{height:0.275em;bottom:0px;}<\/style><div class=\"ld-fancy-heading ld_fancy_heading_69e3730f5f40a\">\n\t<p class=\"lqd-highlight-underline lqd-highlight-grow-left\" ><span class=\"ld-fh-txt\"> <\/p>\n<p data-start=\"2775\" data-end=\"3044\">Cette cat\u00e9gorie regroupe les goodies pens\u00e9s pour le plaisir, l\u2019ambiance et les occasions sp\u00e9ciales. Ils sont parfaits pour vos \u00e9v\u00e9nements (salons, s\u00e9minaires, anniversaires, team buildings, EVJF\/EVG, etc.) ou comme objets promotionnels lifestyle, \u00e0 forte valeur per\u00e7ue.<\/p>\n<h4 data-start=\"3046\" data-end=\"3077\"><\/h4>\n<p><\/span><\/p><\/div><style>.ld_spacer_69e3730f5f504{height:43px;}<\/style>\n<div class=\"ld-empty-space ld_spacer_69e3730f5f504\"><span class=\"liquid_empty_space_inner\"><\/span><\/div><style>.vc_accordion_69e3730f5f662 .accordion-title{font-size:15px;font-weight:500;letter-spacing:0.2em;}<\/style><div class=\"accordion accordion-xs accordion-title-underlined vc_accordion_69e3730f5f662\" id=\"vc_accordion_69e3730f5f662\" role=\"tablist\" aria-multiselectable=\"true\">\n\n\t<div class=\"accordion-item panel  \">\n\n\t\t<div class=\"accordion-heading\" role=\"tab\" id=\"heading_1528963630592-47c7b540-a15b\">\n\t\t\t<h4 class=\"accordion-title\">\n\t\t\t\t<a class=\"collapsed\" data-toggle=\"collapse\" data-parent=\"#vc_accordion_69e3730f5f662\" href=\"#1528963630592-47c7b540-a15b\" aria-expanded=\"false\" aria-controls=\"1528963630592-47c7b540-a15b\">\n\t\t\t\t\t\n\t\t\t\t\t\n\t\t\t\t\tGoodies pour \u00e9v\u00e9nements &amp; festivals\n\t\t\t\t\t\n\t\t\t\t<\/a>\n\t\t\t\t\n\t\t\t<\/h4>\n\t\t<\/div>\n\n\t\t<div id=\"1528963630592-47c7b540-a15b\" class=\"accordion-collapse collapse\" role=\"tabpanel\" aria-labelledby=\"heading_1528963630592-47c7b540-a15b\">\n\t\t\t<div class=\"accordion-content\">\n\t\t\t<p>[vc_row_inner css=\u00a0\u00bb.vc_custom_1747641897653{padding-top: -20px !important;}\u00a0\u00bb][vc_column_inner width=\u00a0\u00bb11\/12&Prime; offset=\u00a0\u00bbvc_col-md-12&Prime;][vc_column_text css=\u00a0\u00bb\u00a0\u00bb]<\/p>\n<p data-start=\"3081\" data-end=\"3263\">Kakemono, drapeau, b\u00e2ches, napes, gobelets, bracelets personnalis\u00e9s, lunettes de soleil, \u00e9ventails, accessoires lumineux ou badges\u2026 Des indispensables pour marquer un \u00e9v\u00e9nement.<\/p>\n<p>[\/vc_column_text][\/vc_column_inner][\/vc_row_inner]<\/p>\n\t\t\t<\/div>\n\t\t<\/div>\n\t<\/div>\n\t<div class=\"accordion-item panel  \">\n\n\t\t<div class=\"accordion-heading\" role=\"tab\" id=\"heading_ld-1528965005956-9b9fe76c-8364\">\n\t\t\t<h4 class=\"accordion-title\">\n\t\t\t\t<a class=\"collapsed\" data-toggle=\"collapse\" data-parent=\"#vc_accordion_69e3730f5f662\" href=\"#ld-1528965005956-9b9fe76c-8364\" aria-expanded=\"false\" aria-controls=\"ld-1528965005956-9b9fe76c-8364\">\n\t\t\t\t\t\n\t\t\t\t\t\n\t\t\t\t\tObjets lifestyle personnalis\u00e9s\n\t\t\t\t\t\n\t\t\t\t<\/a>\n\t\t\t\t\n\t\t\t<\/h4>\n\t\t<\/div>\n\n\t\t<div id=\"ld-1528965005956-9b9fe76c-8364\" class=\"accordion-collapse collapse\" role=\"tabpanel\" aria-labelledby=\"heading_ld-1528965005956-9b9fe76c-8364\">\n\t\t\t<div class=\"accordion-content\">\n\t\t\t<p>[vc_row_inner css=\u00a0\u00bb.vc_custom_1528964908409{padding-top: 15px !important;}\u00a0\u00bb][vc_column_inner offset=\u00a0\u00bbvc_col-md-12&Prime;][vc_column_text css=\u00a0\u00bb\u00a0\u00bb]<\/p>\n<p data-start=\"3267\" data-end=\"3430\">T-shirts, gourdes design, tote bags graphiques, casquettes ou trousses : des produits pratiques et styl\u00e9s, \u00e0 emporter partout.<\/p>\n<p>[\/vc_column_text][\/vc_column_inner][\/vc_row_inner]<\/p>\n\t\t\t<\/div>\n\t\t<\/div>\n\t<\/div>\n<\/div>[\/vc_column][\/vc_row]<\/p>\n<\/div>","protected":false},"excerpt":{"rendered":"<p>[vc_row content_placement=\u00a0\u00bbmiddle\u00a0\u00bb css=\u00a0\u00bb.vc_custom_1542639509824{padding-top: 75px !important;padding-bottom: 75px !important;}\u00a0\u00bb el_id=\u00a0\u00bbservices\u00a0\u00bb][vc_column offset=\u00a0\u00bbvc_col-md-6&Prime;][\/vc_column][vc_column parallax=\u00a0\u00bbyes\u00a0\u00bb scale_from_x=\u00a0\u00bb1&Prime; scale_from_y=\u00a0\u00bb1&Prime; scale_from_z=\u00a0\u00bb1&Prime; from_opacity=\u00a0\u00bb1&Prime; scale_to_x=\u00a0\u00bb1&Prime;&#8230;<\/p>\n","protected":false},"author":1,"featured_media":0,"parent":0,"menu_order":0,"comment_status":"closed","ping_status":"closed","template":"","meta":{"footnotes":""},"class_list":["post-4483","page","type-page","status-publish","hentry"],"_links":{"self":[{"href":"https:\/\/www.trabulo.com\/index.php\/wp-json\/wp\/v2\/pages\/4483","targetHints":{"allow":["GET"]}}],"collection":[{"href":"https:\/\/www.trabulo.com\/index.php\/wp-json\/wp\/v2\/pages"}],"about":[{"href":"https:\/\/www.trabulo.com\/index.php\/wp-json\/wp\/v2\/types\/page"}],"author":[{"embeddable":true,"href":"https:\/\/www.trabulo.com\/index.php\/wp-json\/wp\/v2\/users\/1"}],"replies":[{"embeddable":true,"href":"https:\/\/www.trabulo.com\/index.php\/wp-json\/wp\/v2\/comments?post=4483"}],"version-history":[{"count":1,"href":"https:\/\/www.trabulo.com\/index.php\/wp-json\/wp\/v2\/pages\/4483\/revisions"}],"predecessor-version":[{"id":4484,"href":"https:\/\/www.trabulo.com\/index.php\/wp-json\/wp\/v2\/pages\/4483\/revisions\/4484"}],"wp:attachment":[{"href":"https:\/\/www.trabulo.com\/index.php\/wp-json\/wp\/v2\/media?parent=4483"}],"curies":[{"name":"wp","href":"https:\/\/api.w.org\/{rel}","templated":true}]}}