{"id":4748,"date":"2025-08-18T10:18:00","date_gmt":"2025-08-18T08:18:00","guid":{"rendered":"https:\/\/www.trabulo.com\/?page_id=4748"},"modified":"2025-08-18T10:20:02","modified_gmt":"2025-08-18T08:20:02","slug":"marquage-signaletique","status":"publish","type":"page","link":"https:\/\/www.trabulo.com\/index.php\/marquage-signaletique\/","title":{"rendered":"Marquage &#038; signal\u00e9tique"},"content":{"rendered":"<div class=\"wpb-content-wrapper\"><p>[vc_row content_placement=\u00a0\u00bbmiddle\u00a0\u00bb css=\u00a0\u00bb.vc_custom_1542639509824{padding-top: 75px !important;padding-bottom: 75px !important;}\u00a0\u00bb el_id=\u00a0\u00bbservices\u00a0\u00bb][vc_column offset=\u00a0\u00bbvc_col-md-6&Prime;]<div id=\"ld_images_group_container_69e38bf57855a\" class=\"liquid-img-group-container ld_images_group_container_69e38bf57855a\"  >\n\t<div class=\"liquid-img-group-inner\">\n\t\t<div id=\"ld_images_group_element_69e38bf5787b4\" class=\"liquid-img-group-single ld_images_group_element_69e38bf5787b4\" data-reveal=\"true\" data-reveal-options='{\"direction\":\"rl\",\"bgcolor\":\"rgb(23, 37, 49)\",\"delay\":\"\"}'>\n\t\n\t\t\n\t<div class=\"liquid-img-group-img-container\">\n\t\t\n\t\t\n\t\t\t\t\n\t\t\t\t<div class=\"liquid-img-container-inner\" >\n\t\t\t<figure ><img loading=\"lazy\" decoding=\"async\" width=\"2000\" height=\"1334\" src=\"data:image\/svg+xml;charset=utf-8,&lt;svg xmlns%3D&#039;http%3A%2F%2Fwww.w3.org%2F2000%2Fsvg&#039; viewBox%3D&#039;0 0 2000 1334&#039;%2F&gt;\" class=\"attachment-full size-full ld-lazyload\" alt=\"\" srcset=\"\" sizes=\"auto, (max-width: 2000px) 100vw, 2000px\" data-src=\"https:\/\/www.trabulo.com\/wp-content\/uploads\/2025\/05\/pexels-michael-steinberg-95604-342943.jpg\" data-srcset=\"https:\/\/www.trabulo.com\/wp-content\/uploads\/2025\/05\/pexels-michael-steinberg-95604-342943.jpg 2000w, https:\/\/www.trabulo.com\/wp-content\/uploads\/2025\/05\/pexels-michael-steinberg-95604-342943-300x200.jpg 300w, https:\/\/www.trabulo.com\/wp-content\/uploads\/2025\/05\/pexels-michael-steinberg-95604-342943-1024x683.jpg 1024w\" data-aspect=\"1.4992503748126\" \/><\/figure>\t\t\t\t\t<\/div><!-- \/.liquid-img-container-inner -->\n\t\t\n\t<\/div><!-- \/.liquid-img-group-content -->\n<\/div><!-- \/.liquid-img-group-single -->\n\t\n\t<\/div><!-- \/.liquid-img-group-inner -->\n<\/div><!-- \/.liquid-img-group-container -->[\/vc_column][vc_column parallax=\u00a0\u00bbyes\u00a0\u00bb scale_from_x=\u00a0\u00bb1&Prime; scale_from_y=\u00a0\u00bb1&Prime; scale_from_z=\u00a0\u00bb1&Prime; from_opacity=\u00a0\u00bb1&Prime; scale_to_x=\u00a0\u00bb1&Prime; scale_to_y=\u00a0\u00bb1&Prime; scale_to_z=\u00a0\u00bb1&Prime; to_opacity=\u00a0\u00bb1&Prime; enable_content_animation=\u00a0\u00bbyes\u00a0\u00bb ca_init_scale_x=\u00a0\u00bb1&Prime; ca_init_scale_y=\u00a0\u00bb1&Prime; ca_init_scale_z=\u00a0\u00bb1&Prime; ca_init_opacity=\u00a0\u00bb0&Prime; ca_an_scale_x=\u00a0\u00bb1&Prime; ca_an_scale_y=\u00a0\u00bb1&Prime; ca_an_scale_z=\u00a0\u00bb1&Prime; ca_an_opacity=\u00a0\u00bb1&Prime; offset=\u00a0\u00bbvc_col-md-offset-1 vc_col-md-5&Prime; ca_init_translate_y=\u00a0\u00bb39&Prime; translate_from_y=\u00a0\u00bb-58&Prime; translate_to_y=\u00a0\u00bb59&Prime;]<style>.ld_fancy_heading_69e38bf57b998 h2 {margin-bottom:0px !important;  } .ld_fancy_heading_69e38bf57b998 .lqd-highlight-inner{height:0.275em;bottom:0px;}.ld_fancy_heading_69e38bf57b998 h2 {margin-bottom:0px !important;  } <\/style><div class=\"ld-fancy-heading text-uppercase ld_fancy_heading_69e38bf57b998\">\n\t<h2 class=\"lqd-highlight-underline lqd-highlight-grow-left\" data-fittext=\"true\" data-fittext-options='{\"compressor\":0.5,\"maxFontSize\":\"currentFontSize\",\"minFontSize\":\"\"}'><span class=\"ld-fh-txt\"> Marquage &amp; Signal\u00e9tique<\/span><\/h2><\/div><style>.ld_spacer_69e38bf57bc0e{height:15px;}<\/style>\n<div class=\"ld-empty-space ld_spacer_69e38bf57bc0e\"><span class=\"liquid_empty_space_inner\"><\/span><\/div><style>.ld_fancy_heading_69e38bf57bdd0 h6{font-size:12px;letter-spacing:0.2em;color:rgb(63, 65, 71);}.ld_fancy_heading_69e38bf57bdd0 h6 {margin-top:0px !important;  } .ld_fancy_heading_69e38bf57bdd0 .lqd-highlight-inner{height:0.275em;bottom:0px;}.ld_fancy_heading_69e38bf57bdd0 h6 {margin-top:0px !important;  } <\/style><div class=\"ld-fancy-heading text-uppercase ld_fancy_heading_69e38bf57bdd0\">\n\t<h6 class=\"lqd-highlight-underline lqd-highlight-grow-left\" ><span class=\"ld-fh-txt\"> <\/p>\n<p data-start=\"117\" data-end=\"351\">Nous r\u00e9alisons les visuels pour vos v\u00e9hicules, vitrines, enseignes ou panneaux, afin d\u2019assurer une visibilit\u00e9 optimale sur tous vos supports physiques.<\/p>\n<p><\/span><\/h6><\/div><style>.ld_spacer_69e38bf57bf06{height:28px;}<\/style>\n<div class=\"ld-empty-space ld_spacer_69e38bf57bf06\"><span class=\"liquid_empty_space_inner\"><\/span><\/div><style>.ld_fancy_heading_69e38bf57bfdd .lqd-highlight-inner{height:0.275em;bottom:0px;}<\/style><div class=\"ld-fancy-heading ld_fancy_heading_69e38bf57bfdd\">\n\t<p class=\"lqd-highlight-underline lqd-highlight-grow-left\" ><span class=\"ld-fh-txt\"> <\/p>\n<p data-start=\"397\" data-end=\"932\"><strong data-start=\"117\" data-end=\"175\">Valorisez vos espaces avec une signal\u00e9tique sur mesure<\/strong><br data-start=\"175\" data-end=\"178\" \/>Nous cr\u00e9ons des visuels impactants pour vos besoins en marquage, signal\u00e9tique int\u00e9rieure et ext\u00e9rieure, vitrines, v\u00e9hicules, panneaux et plus encore. De la conception graphique \u00e0 r\u00e9alisation, nous vous accompagnons pour une communication claire, professionnelle et parfaitement adapt\u00e9e \u00e0 votre image. Attirez l\u2019\u0153il, guidez efficacement, marquez les esprits.<\/p>\n<p><\/span><\/p><\/div><style>.ld_spacer_69e38bf57c0d5{height:43px;}<\/style>\n<div class=\"ld-empty-space ld_spacer_69e38bf57c0d5\"><span class=\"liquid_empty_space_inner\"><\/span><\/div>[\/vc_column][\/vc_row]<\/p>\n<\/div>","protected":false},"excerpt":{"rendered":"<p>[vc_row content_placement=\u00a0\u00bbmiddle\u00a0\u00bb css=\u00a0\u00bb.vc_custom_1542639509824{padding-top: 75px !important;padding-bottom: 75px !important;}\u00a0\u00bb el_id=\u00a0\u00bbservices\u00a0\u00bb][vc_column offset=\u00a0\u00bbvc_col-md-6&Prime;][\/vc_column][vc_column parallax=\u00a0\u00bbyes\u00a0\u00bb scale_from_x=\u00a0\u00bb1&Prime; scale_from_y=\u00a0\u00bb1&Prime; scale_from_z=\u00a0\u00bb1&Prime; from_opacity=\u00a0\u00bb1&Prime; scale_to_x=\u00a0\u00bb1&Prime;&#8230;<\/p>\n","protected":false},"author":1,"featured_media":0,"parent":0,"menu_order":0,"comment_status":"closed","ping_status":"closed","template":"","meta":{"footnotes":""},"class_list":["post-4748","page","type-page","status-publish","hentry"],"_links":{"self":[{"href":"https:\/\/www.trabulo.com\/index.php\/wp-json\/wp\/v2\/pages\/4748","targetHints":{"allow":["GET"]}}],"collection":[{"href":"https:\/\/www.trabulo.com\/index.php\/wp-json\/wp\/v2\/pages"}],"about":[{"href":"https:\/\/www.trabulo.com\/index.php\/wp-json\/wp\/v2\/types\/page"}],"author":[{"embeddable":true,"href":"https:\/\/www.trabulo.com\/index.php\/wp-json\/wp\/v2\/users\/1"}],"replies":[{"embeddable":true,"href":"https:\/\/www.trabulo.com\/index.php\/wp-json\/wp\/v2\/comments?post=4748"}],"version-history":[{"count":2,"href":"https:\/\/www.trabulo.com\/index.php\/wp-json\/wp\/v2\/pages\/4748\/revisions"}],"predecessor-version":[{"id":4750,"href":"https:\/\/www.trabulo.com\/index.php\/wp-json\/wp\/v2\/pages\/4748\/revisions\/4750"}],"wp:attachment":[{"href":"https:\/\/www.trabulo.com\/index.php\/wp-json\/wp\/v2\/media?parent=4748"}],"curies":[{"name":"wp","href":"https:\/\/api.w.org\/{rel}","templated":true}]}}